{"id":6243,"date":"2026-04-27T15:13:03","date_gmt":"2026-04-27T20:13:03","guid":{"rendered":"https:\/\/cstrisk.com\/es\/?page_id=6243"},"modified":"2026-04-27T15:25:09","modified_gmt":"2026-04-27T20:25:09","slug":"politica-del-sistema-integrado-de-gestion","status":"publish","type":"page","link":"https:\/\/cstrisk.com\/es\/politica-del-sistema-integrado-de-gestion\/","title":{"rendered":"Pol\u00edtica Del Sistema Integrado De Gesti\u00f3n"},"content":{"rendered":"\t\t<div data-elementor-type=\"wp-page\" data-elementor-id=\"6243\" class=\"elementor elementor-6243\">\n\t\t\t\t<div class=\"elementor-element elementor-element-c7c8240 e-flex e-con-boxed e-con e-parent\" data-id=\"c7c8240\" data-element_type=\"container\" data-e-type=\"container\">\n\t\t\t\t\t<div class=\"e-con-inner\">\n\t\t\t\t<div class=\"elementor-element elementor-element-56eb3c9 elementor-widget elementor-widget-image\" data-id=\"56eb3c9\" data-element_type=\"widget\" data-e-type=\"widget\" data-widget_type=\"image.default\">\n\t\t\t\t<div class=\"elementor-widget-container\">\n\t\t\t\t\t\t\t\t\t\t\t\t\t\t\t<img fetchpriority=\"high\" decoding=\"async\" width=\"640\" height=\"852\" src=\"https:\/\/cstrisk.com\/es\/wp-content\/uploads\/2026\/04\/1-1-769x1024.jpg\" class=\"attachment-large size-large wp-image-6247\" alt=\"\" srcset=\"https:\/\/cstrisk.com\/es\/wp-content\/uploads\/2026\/04\/1-1-769x1024.jpg 769w, https:\/\/cstrisk.com\/es\/wp-content\/uploads\/2026\/04\/1-1-225x300.jpg 225w, https:\/\/cstrisk.com\/es\/wp-content\/uploads\/2026\/04\/1-1-768x1023.jpg 768w, https:\/\/cstrisk.com\/es\/wp-content\/uploads\/2026\/04\/1-1-18x24.jpg 18w, https:\/\/cstrisk.com\/es\/wp-content\/uploads\/2026\/04\/1-1-27x36.jpg 27w, https:\/\/cstrisk.com\/es\/wp-content\/uploads\/2026\/04\/1-1-36x48.jpg 36w, https:\/\/cstrisk.com\/es\/wp-content\/uploads\/2026\/04\/1-1-600x799.jpg 600w, https:\/\/cstrisk.com\/es\/wp-content\/uploads\/2026\/04\/1-1.jpg 904w\" sizes=\"(max-width: 640px) 100vw, 640px\" \/>\t\t\t\t\t\t\t\t\t\t\t\t\t\t\t<\/div>\n\t\t\t\t<\/div>\n\t\t\t\t<div class=\"elementor-element elementor-element-5173098 elementor-widget elementor-widget-text-editor\" data-id=\"5173098\" data-element_type=\"widget\" data-e-type=\"widget\" data-widget_type=\"text-editor.default\">\n\t\t\t\t<div class=\"elementor-widget-container\">\n\t\t\t\t\t\t\t\t\t<h4 style=\"text-align: center;\"><span style=\"color: #000000;\">POL\u00cdTICA PARA LA GESTI\u00d3N DE RIESGOS CORPORATIVOS<\/span><\/h4><p style=\"text-align: center;\"><span style=\"color: #000000;\">Conserto S.A.S. es una empresa que presta servicios de consultor\u00eda, asesor\u00eda y capacitaci\u00f3n en gesti\u00f3n integral de riesgos HSEQ, seguridad de procesos, proyectos y medio ambiente, la cual se encuentra comprometida con el an\u00e1lisis de riesgos a las actividades de la empresa.<\/span><\/p><p style=\"text-align: center;\"><span style=\"color: #000000;\">El sistema integrado de gesti\u00f3n de Conserto S.A.S. est\u00e1 basado en el an\u00e1lisis de riesgos enfocados en la gesti\u00f3n del riesgo de las personas (seguridad y salud en el trabajo) y la gesti\u00f3n del riesgo corporativo (econ\u00f3mico, reputacional y negocio). Para ello, Conserto S.A.S. cuenta con el compromiso de satisfacer al cliente, dar cumplimiento con los est\u00e1ndares en seguridad y salud en el trabajo, lograr la mejora continua y dar cumplimiento a los requisitos legales aplicables, contractuales y otros.<\/span><\/p><p style=\"text-align: center;\"><span style=\"color: #000000;\">En desarrollo de la Pol\u00edtica para la Gesti\u00f3n de Riesgos, Conserto S.A.S. adquiere la responsabilidad de identificar peligros y evaluar los riesgos, desarrollar e implementar controles que garanticen y protejan la integridad de los trabajadores evitando accidentes y enfermedades de origen laboral, la protecci\u00f3n de los activos de la empresa, de los clientes y de terceros.\u00a0\u00a0<\/span><\/p><p style=\"text-align: center;\"><span style=\"color: #000000;\">La Pol\u00edtica para la Gesti\u00f3n de los riesgos tiene como alcance todas las actividades de Conserto S.A.S junto con sus trabajadores directos y contratistas.<\/span><\/p><p style=\"text-align: center;\"><span style=\"color: #000000;\">Con estos fines la Gerencia General de Conserto S.A.S destina los recursos econ\u00f3micos, humanos, f\u00edsicos, t\u00e9cnicos y tecnol\u00f3gicos necesarios para el funcionamiento, desempe\u00f1o y mejoramiento continuo del Sistema Integrado de Gesti\u00f3n.<\/span><\/p><p>\u00a0<\/p><p style=\"text-align: center;\"><span style=\"color: #000000;\">\u00c1LVARO FELIPE CONDE TOCANCIP\u00c1<\/span><\/p><p style=\"text-align: center;\"><span style=\"color: #000000;\">REPRESENTANTE LEGAL<\/span><\/p>\t\t\t\t\t\t\t\t<\/div>\n\t\t\t\t<\/div>\n\t\t\t\t\t<\/div>\n\t\t\t\t<\/div>\n\t\t\t\t<\/div>\n\t\t","protected":false},"excerpt":{"rendered":"<p>POL\u00cdTICA PARA LA GESTI\u00d3N DE RIESGOS CORPORATIVOS Conserto S.A.S. es una empresa que presta servicios de consultor\u00eda, asesor\u00eda y capacitaci\u00f3n en gesti\u00f3n integral de riesgos HSEQ, seguridad de procesos, proyectos y medio ambiente, la cual se encuentra comprometida con el an\u00e1lisis de riesgos a las actividades de la empresa. El sistema integrado de gesti\u00f3n de [&hellip;]<\/p>\n","protected":false},"author":1,"featured_media":0,"parent":0,"menu_order":0,"comment_status":"closed","ping_status":"closed","template":"","meta":{"inline_featured_image":false,"footnotes":""},"class_list":["post-6243","page","type-page","status-publish","hentry"],"_links":{"self":[{"href":"https:\/\/cstrisk.com\/es\/wp-json\/wp\/v2\/pages\/6243","targetHints":{"allow":["GET"]}}],"collection":[{"href":"https:\/\/cstrisk.com\/es\/wp-json\/wp\/v2\/pages"}],"about":[{"href":"https:\/\/cstrisk.com\/es\/wp-json\/wp\/v2\/types\/page"}],"author":[{"embeddable":true,"href":"https:\/\/cstrisk.com\/es\/wp-json\/wp\/v2\/users\/1"}],"replies":[{"embeddable":true,"href":"https:\/\/cstrisk.com\/es\/wp-json\/wp\/v2\/comments?post=6243"}],"version-history":[{"count":7,"href":"https:\/\/cstrisk.com\/es\/wp-json\/wp\/v2\/pages\/6243\/revisions"}],"predecessor-version":[{"id":6253,"href":"https:\/\/cstrisk.com\/es\/wp-json\/wp\/v2\/pages\/6243\/revisions\/6253"}],"wp:attachment":[{"href":"https:\/\/cstrisk.com\/es\/wp-json\/wp\/v2\/media?parent=6243"}],"curies":[{"name":"wp","href":"https:\/\/api.w.org\/{rel}","templated":true}]}}