{"id":5808,"date":"2025-11-07T08:05:54","date_gmt":"2025-11-07T13:05:54","guid":{"rendered":"https:\/\/cstrisk.com\/es\/?page_id=5808"},"modified":"2026-01-20T16:19:48","modified_gmt":"2026-01-20T21:19:48","slug":"what-if-virtual","status":"publish","type":"page","link":"https:\/\/cstrisk.com\/es\/what-if-virtual\/","title":{"rendered":"WHAT IF Virtual"},"content":{"rendered":"\t\t<div data-elementor-type=\"wp-page\" data-elementor-id=\"5808\" class=\"elementor elementor-5808\">\n\t\t\t\t\t\t<section class=\"elementor-section elementor-top-section elementor-element elementor-element-698a0add elementor-section-boxed elementor-section-height-default elementor-section-height-default\" data-id=\"698a0add\" data-element_type=\"section\" data-e-type=\"section\">\n\t\t\t\t\t\t<div class=\"elementor-container elementor-column-gap-default\">\n\t\t\t\t\t<div class=\"elementor-column elementor-col-50 elementor-top-column elementor-element elementor-element-1f0335d8\" data-id=\"1f0335d8\" data-element_type=\"column\" data-e-type=\"column\">\n\t\t\t<div class=\"elementor-widget-wrap elementor-element-populated\">\n\t\t\t\t\t\t<div class=\"elementor-element elementor-element-41303d9a elementor-widget elementor-widget-image\" data-id=\"41303d9a\" data-element_type=\"widget\" data-e-type=\"widget\" data-widget_type=\"image.default\">\n\t\t\t\t<div class=\"elementor-widget-container\">\n\t\t\t\t\t\t\t\t\t\t\t\t\t\t\t<img fetchpriority=\"high\" decoding=\"async\" width=\"640\" height=\"425\" src=\"https:\/\/cstrisk.com\/es\/wp-content\/uploads\/2025\/08\/3-1024x680.jpg\" class=\"attachment-large size-large wp-image-5559\" alt=\"\" srcset=\"https:\/\/cstrisk.com\/es\/wp-content\/uploads\/2025\/08\/3-1024x680.jpg 1024w, https:\/\/cstrisk.com\/es\/wp-content\/uploads\/2025\/08\/3-300x199.jpg 300w, https:\/\/cstrisk.com\/es\/wp-content\/uploads\/2025\/08\/3-768x510.jpg 768w, https:\/\/cstrisk.com\/es\/wp-content\/uploads\/2025\/08\/3-600x399.jpg 600w, https:\/\/cstrisk.com\/es\/wp-content\/uploads\/2025\/08\/3.jpg 1343w\" sizes=\"(max-width: 640px) 100vw, 640px\" \/>\t\t\t\t\t\t\t\t\t\t\t\t\t\t\t<\/div>\n\t\t\t\t<\/div>\n\t\t\t\t<section class=\"elementor-section elementor-inner-section elementor-element elementor-element-4d012eb4 elementor-section-boxed elementor-section-height-default elementor-section-height-default\" data-id=\"4d012eb4\" data-element_type=\"section\" data-e-type=\"section\">\n\t\t\t\t\t\t<div class=\"elementor-container elementor-column-gap-default\">\n\t\t\t\t\t<div class=\"elementor-column elementor-col-100 elementor-inner-column elementor-element elementor-element-7615640a\" data-id=\"7615640a\" data-element_type=\"column\" data-e-type=\"column\">\n\t\t\t<div class=\"elementor-widget-wrap elementor-element-populated\">\n\t\t\t\t\t\t<div class=\"elementor-element elementor-element-2992e4cf elementor-widget elementor-widget-image\" data-id=\"2992e4cf\" data-element_type=\"widget\" data-e-type=\"widget\" data-widget_type=\"image.default\">\n\t\t\t\t<div class=\"elementor-widget-container\">\n\t\t\t\t\t\t\t\t\t\t\t\t\t\t\t<img decoding=\"async\" width=\"640\" height=\"242\" src=\"https:\/\/cstrisk.com\/es\/wp-content\/uploads\/2025\/06\/CST_CAPACITACION.png\" class=\"attachment-large size-large wp-image-5026\" alt=\"\" srcset=\"https:\/\/cstrisk.com\/es\/wp-content\/uploads\/2025\/06\/CST_CAPACITACION.png 900w, https:\/\/cstrisk.com\/es\/wp-content\/uploads\/2025\/06\/CST_CAPACITACION-300x113.png 300w, https:\/\/cstrisk.com\/es\/wp-content\/uploads\/2025\/06\/CST_CAPACITACION-768x290.png 768w, https:\/\/cstrisk.com\/es\/wp-content\/uploads\/2025\/06\/CST_CAPACITACION-600x227.png 600w\" sizes=\"(max-width: 640px) 100vw, 640px\" \/>\t\t\t\t\t\t\t\t\t\t\t\t\t\t\t<\/div>\n\t\t\t\t<\/div>\n\t\t\t\t\t<\/div>\n\t\t<\/div>\n\t\t\t\t\t<\/div>\n\t\t<\/section>\n\t\t\t\t<section class=\"elementor-section elementor-inner-section elementor-element elementor-element-7b7f8e48 elementor-section-boxed elementor-section-height-default elementor-section-height-default\" data-id=\"7b7f8e48\" data-element_type=\"section\" data-e-type=\"section\">\n\t\t\t\t\t\t<div class=\"elementor-container elementor-column-gap-default\">\n\t\t\t\t\t<div class=\"elementor-column elementor-col-100 elementor-inner-column elementor-element elementor-element-52f0c4bb\" data-id=\"52f0c4bb\" data-element_type=\"column\" data-e-type=\"column\">\n\t\t\t<div class=\"elementor-widget-wrap elementor-element-populated\">\n\t\t\t\t\t\t<div class=\"elementor-element elementor-element-12746669 elementor-widget elementor-widget-spacer\" data-id=\"12746669\" data-element_type=\"widget\" data-e-type=\"widget\" data-widget_type=\"spacer.default\">\n\t\t\t\t<div class=\"elementor-widget-container\">\n\t\t\t\t\t\t\t<div class=\"elementor-spacer\">\n\t\t\t<div class=\"elementor-spacer-inner\"><\/div>\n\t\t<\/div>\n\t\t\t\t\t\t<\/div>\n\t\t\t\t<\/div>\n\t\t\t\t<div class=\"elementor-element elementor-element-15ce35a2 elementor-widget elementor-widget-text-editor\" data-id=\"15ce35a2\" data-element_type=\"widget\" data-e-type=\"widget\" data-widget_type=\"text-editor.default\">\n\t\t\t\t<div class=\"elementor-widget-container\">\n\t\t\t\t\t\t\t\t\t<h3><span style=\"color: #000000;\">\u00bfPor qu\u00e9 la T\u00e9cnica What-If es Clave para la Prevenci\u00f3n?<\/span><\/h3><p class=\"ds-markdown-paragraph\"><span style=\"color: #000000;\">La metodolog\u00eda\u00a0What-If\u00a0(<em>\u00bfQu\u00e9 pasar\u00eda si&#8230;?<\/em>) es una herramienta fundamental para la\u00a0identificaci\u00f3n temprana de riesgos\u00a0en procesos industriales. A diferencia de m\u00e9todos complejos, su simplicidad y flexibilidad permiten evaluar escenarios cr\u00edticos en\u00a0cualquier fase operativa, desde el dise\u00f1o hasta el mantenimiento. En CST, te ense\u00f1amos a aplicar esta t\u00e9cnica para\u00a0anticipar fallas y tomar decisiones informadas\u00a0antes de que los riesgos se conviertan en incidentes.<\/span><\/p><hr \/><h3><span style=\"color: #000000;\">Detalles del Curso<\/span><\/h3><p class=\"ds-markdown-paragraph\"><span style=\"color: #000000;\">\u23f0 Horario:\u00a06:00 p.m. a 8:00 p.m. (UTC-5)<\/span><br \/><span style=\"color: #000000;\">\ud83d\udda5\ufe0f\u00a0Modalidad: Virtual en vivo (Teams)<\/span><br \/><span style=\"color: #000000;\">\u23f3\u00a0Duraci\u00f3n:\u00a04 horas (2 sesiones de 2 horas)<\/span><br \/><br \/><\/p><hr \/><h3><span style=\"color: #000000;\">\u00bfQu\u00e9 Aprender\u00e1s?<\/span><\/h3><p class=\"ds-markdown-paragraph\"><span style=\"color: #000000;\">\u2714\u00a0Fundamentos de la t\u00e9cnica What-If:<\/span><\/p><ul><li><span style=\"color: #000000;\">Creaci\u00f3n de preguntas hipot\u00e9ticas efectivas.<\/span><\/li><li><span style=\"color: #000000;\">Identificaci\u00f3n de desviaciones y escenarios de riesgo.<\/span><\/li><li><span style=\"color: #000000;\">Integraci\u00f3n con otras metodolog\u00edas (HAZOP, LOPA).<\/span><\/li><\/ul><p class=\"ds-markdown-paragraph\"><span style=\"color: #000000;\">\u2714\u00a0Taller pr\u00e1ctico:<\/span><\/p><ul><li class=\"ds-markdown-paragraph\"><span style=\"color: #000000;\">An\u00e1lisis de un caso real en la industria petroqu\u00edmica colombiana.<\/span><\/li><li class=\"ds-markdown-paragraph\"><span style=\"color: #000000;\">Simulaci\u00f3n de sesiones con equipos multidisciplinarios.<\/span><\/li><li class=\"ds-markdown-paragraph\"><span style=\"color: #000000;\">Elaboraci\u00f3n de informes ejecutivos para gerencia.<\/span><\/li><\/ul><p class=\"ds-markdown-paragraph\"><span style=\"color: #000000;\">\u2714\u00a0Herramientas de aplicaci\u00f3n inmediata:<\/span><\/p><ul><li class=\"ds-markdown-paragraph\"><span style=\"color: #000000;\">Plantillas para documentaci\u00f3n de riesgos.<\/span><\/li><li class=\"ds-markdown-paragraph\"><span style=\"color: #000000;\">Checklist para validaci\u00f3n de controles.<\/span><\/li><li class=\"ds-markdown-paragraph\"><span style=\"color: #000000;\">Gu\u00eda de facilitaci\u00f3n de sesiones What-If.<\/span><\/li><\/ul><hr \/><h3><span style=\"color: #000000;\">\u00bfPor qu\u00e9 CST es tu Mejor Aliado?<\/span><\/h3><ul><li><p class=\"ds-markdown-paragraph\"><span style=\"color: #000000;\">Instructores con experiencia internacional\u00a0en implementaci\u00f3n de metodolog\u00edas de riesgo.<\/span><\/p><\/li><li><p class=\"ds-markdown-paragraph\"><span style=\"color: #000000;\">Casos reales\u00a0de aplicaci\u00f3n en industrias colombianas.<\/span><\/p><\/li><li><p class=\"ds-markdown-paragraph\"><span style=\"color: #000000;\">Enfoque pr\u00e1ctico:\u00a070% del tiempo dedicado a ejercicios y talleres.<\/span><\/p><\/li><\/ul><hr \/><h3><span style=\"color: #000000;\">Aplicaciones en la Industria Colombiana<\/span><\/h3><p class=\"ds-markdown-paragraph\"><span style=\"color: #000000;\">\ud83d\udd38\u00a0Petr\u00f3leo y Gas:\u00a0Evaluaci\u00f3n de riesgos en operaciones de perforaci\u00f3n.<\/span><br \/><span style=\"color: #000000;\">\ud83d\udd38\u00a0Manufactura:\u00a0An\u00e1lisis de procesos de producci\u00f3n en alimentos y bebidas.<\/span><br \/><span style=\"color: #000000;\">\ud83d\udd38\u00a0Energ\u00eda:\u00a0Identificaci\u00f3n de riesgos en plantas solares y e\u00f3licas.<\/span><\/p><hr \/><h3><span style=\"color: #000000;\">Inscr\u00edbete Hoy<\/span><\/h3><p class=\"ds-markdown-paragraph\"><span style=\"color: #000000;\">\ud83d\udcde\u00a0WhatsApp:\u00a0(+57) 312 585 9458<\/span><br \/><span style=\"color: #000000;\">\ud83d\udce7\u00a0Email:\u00a0<a style=\"color: #000000;\" href=\"https:\/\/mailto:comercial@cstrisk.com\/\" target=\"_blank\" rel=\"noopener noreferrer\">comercial@cstrisk.com<\/a><\/span><\/p><p class=\"ds-markdown-paragraph\"><span style=\"color: #000000;\">*Incluye: Certificado + Material digital.<\/span><\/p>\t\t\t\t\t\t\t\t<\/div>\n\t\t\t\t<\/div>\n\t\t\t\t\t<\/div>\n\t\t<\/div>\n\t\t\t\t\t<\/div>\n\t\t<\/section>\n\t\t\t\t<div class=\"elementor-element elementor-element-e5167f7 elementor-align-center elementor-widget elementor-widget-button\" data-id=\"e5167f7\" data-element_type=\"widget\" data-e-type=\"widget\" data-widget_type=\"button.default\">\n\t\t\t\t<div class=\"elementor-widget-container\">\n\t\t\t\t\t\t\t\t\t<div class=\"elementor-button-wrapper\">\n\t\t\t\t\t<a class=\"elementor-button elementor-button-link elementor-size-sm\" href=\"https:\/\/cstrisk.com\/es\/equipo-expositores\/\">\n\t\t\t\t\t\t<span class=\"elementor-button-content-wrapper\">\n\t\t\t\t\t\t\t\t\t<span class=\"elementor-button-text\">VER EQUIPO EXPOSITORES<\/span>\n\t\t\t\t\t<\/span>\n\t\t\t\t\t<\/a>\n\t\t\t\t<\/div>\n\t\t\t\t\t\t\t\t<\/div>\n\t\t\t\t<\/div>\n\t\t\t\t\t<\/div>\n\t\t<\/div>\n\t\t\t\t<div class=\"elementor-column elementor-col-50 elementor-top-column elementor-element elementor-element-32ae8f57\" data-id=\"32ae8f57\" data-element_type=\"column\" data-e-type=\"column\">\n\t\t\t<div class=\"elementor-widget-wrap elementor-element-populated\">\n\t\t\t\t\t\t<section class=\"elementor-section elementor-inner-section elementor-element elementor-element-4131bf68 elementor-section-boxed elementor-section-height-default elementor-section-height-default\" data-id=\"4131bf68\" data-element_type=\"section\" data-e-type=\"section\">\n\t\t\t\t\t\t<div class=\"elementor-container elementor-column-gap-default\">\n\t\t\t\t\t<div class=\"elementor-column elementor-col-100 elementor-inner-column elementor-element elementor-element-702dd762\" data-id=\"702dd762\" data-element_type=\"column\" data-e-type=\"column\">\n\t\t\t<div class=\"elementor-widget-wrap elementor-element-populated\">\n\t\t\t\t\t\t<div class=\"elementor-element elementor-element-498a9b52 elementor-widget elementor-widget-image\" data-id=\"498a9b52\" data-element_type=\"widget\" data-e-type=\"widget\" data-widget_type=\"image.default\">\n\t\t\t\t<div class=\"elementor-widget-container\">\n\t\t\t\t\t\t\t\t\t\t\t\t\t\t\t<img decoding=\"async\" width=\"640\" height=\"242\" src=\"https:\/\/cstrisk.com\/es\/wp-content\/uploads\/2025\/06\/CST_CAPACITACION.png\" class=\"attachment-large size-large wp-image-5026\" alt=\"\" srcset=\"https:\/\/cstrisk.com\/es\/wp-content\/uploads\/2025\/06\/CST_CAPACITACION.png 900w, https:\/\/cstrisk.com\/es\/wp-content\/uploads\/2025\/06\/CST_CAPACITACION-300x113.png 300w, https:\/\/cstrisk.com\/es\/wp-content\/uploads\/2025\/06\/CST_CAPACITACION-768x290.png 768w, https:\/\/cstrisk.com\/es\/wp-content\/uploads\/2025\/06\/CST_CAPACITACION-600x227.png 600w\" sizes=\"(max-width: 640px) 100vw, 640px\" \/>\t\t\t\t\t\t\t\t\t\t\t\t\t\t\t<\/div>\n\t\t\t\t<\/div>\n\t\t\t\t<div class=\"elementor-element elementor-element-29375bbd elementor-widget elementor-widget-spacer\" data-id=\"29375bbd\" data-element_type=\"widget\" data-e-type=\"widget\" data-widget_type=\"spacer.default\">\n\t\t\t\t<div class=\"elementor-widget-container\">\n\t\t\t\t\t\t\t<div class=\"elementor-spacer\">\n\t\t\t<div class=\"elementor-spacer-inner\"><\/div>\n\t\t<\/div>\n\t\t\t\t\t\t<\/div>\n\t\t\t\t<\/div>\n\t\t\t\t\t<\/div>\n\t\t<\/div>\n\t\t\t\t\t<\/div>\n\t\t<\/section>\n\t\t\t\t<div class=\"elementor-element elementor-element-3dec9cd6 elementor-widget elementor-widget-text-editor\" data-id=\"3dec9cd6\" data-element_type=\"widget\" data-e-type=\"widget\" data-widget_type=\"text-editor.default\">\n\t\t\t\t<div class=\"elementor-widget-container\">\n\t\t\t\t\t\t\t\t\t<p><span style=\"color: #000000;\">Ofrecemos a nuestros clientes servicios de consultor\u00eda especializada en la determinaci\u00f3n, interpretaci\u00f3n, entendimiento, valoraci\u00f3n y gesti\u00f3n de riesgos<\/span><\/p>\t\t\t\t\t\t\t\t<\/div>\n\t\t\t\t<\/div>\n\t\t\t\t<section class=\"elementor-section elementor-inner-section elementor-element elementor-element-74ac99f2 elementor-section-boxed elementor-section-height-default elementor-section-height-default\" data-id=\"74ac99f2\" data-element_type=\"section\" data-e-type=\"section\">\n\t\t\t\t\t\t<div class=\"elementor-container elementor-column-gap-default\">\n\t\t\t\t\t<div class=\"elementor-column elementor-col-100 elementor-inner-column elementor-element elementor-element-57e7afe\" data-id=\"57e7afe\" data-element_type=\"column\" data-e-type=\"column\">\n\t\t\t<div class=\"elementor-widget-wrap elementor-element-populated\">\n\t\t\t\t\t\t<div class=\"elementor-element elementor-element-29f04e1c elementor-widget elementor-widget-heading\" data-id=\"29f04e1c\" data-element_type=\"widget\" data-e-type=\"widget\" data-widget_type=\"heading.default\">\n\t\t\t\t<div class=\"elementor-widget-container\">\n\t\t\t\t\t<h3 class=\"elementor-heading-title elementor-size-default\">Cursos en L\u00ednea<\/h3>\t\t\t\t<\/div>\n\t\t\t\t<\/div>\n\t\t\t\t\t<\/div>\n\t\t<\/div>\n\t\t\t\t\t<\/div>\n\t\t<\/section>\n\t\t\t\t<section class=\"elementor-section elementor-inner-section elementor-element elementor-element-76652c3b elementor-section-boxed elementor-section-height-default elementor-section-height-default\" data-id=\"76652c3b\" data-element_type=\"section\" data-e-type=\"section\" data-settings=\"{&quot;background_background&quot;:&quot;classic&quot;}\">\n\t\t\t\t\t\t<div class=\"elementor-container elementor-column-gap-default\">\n\t\t\t\t\t<div class=\"elementor-column elementor-col-100 elementor-inner-column elementor-element elementor-element-2d655861\" data-id=\"2d655861\" data-element_type=\"column\" data-e-type=\"column\">\n\t\t\t<div class=\"elementor-widget-wrap elementor-element-populated\">\n\t\t\t\t\t\t<div class=\"elementor-element elementor-element-43c56e6f elementor-widget elementor-widget-tx_link_lists elh-el tx_link_lists\" data-id=\"43c56e6f\" data-element_type=\"widget\" data-e-type=\"widget\" data-settings=\"{&quot;design_style&quot;:&quot;style_6&quot;}\" data-widget_type=\"tx_link_lists.default\">\n\t\t\t\t<div class=\"elementor-widget-container\">\n\t\t\t\t\t<div class=\"brochure-wrap\">\r\n        <a href=\"https:\/\/cstrisk.com\/es\/hazop-virtual-2\/\" class=\"brochure-btn\">\r\n                <div class=\"icon\">\r\n                            <img decoding=\"async\" src=\"http:\/\/localhost:10076\/wp-content\/uploads\/2024\/08\/pdf-icon.svg\" alt=\"\">\r\n                    <\/div>\r\n        \r\n        <span class=\"btn-text\">HAZOP <\/span>\r\n    <\/a>\r\n        <a href=\"https:\/\/cstrisk.com\/es\/lopa-virtual\/\" class=\"brochure-btn\">\r\n                <div class=\"icon\">\r\n                            <img decoding=\"async\" src=\"http:\/\/localhost:10076\/wp-content\/uploads\/2024\/08\/pdf-icon.svg\" alt=\"\">\r\n                    <\/div>\r\n        \r\n        <span class=\"btn-text\">LOPA <\/span>\r\n    <\/a>\r\n        <a href=\"https:\/\/cstrisk.com\/es\/bowtie-virtual\/\" class=\"brochure-btn\">\r\n                <div class=\"icon\">\r\n                            <img decoding=\"async\" src=\"http:\/\/localhost:10076\/wp-content\/uploads\/2024\/08\/pdf-icon.svg\" alt=\"\">\r\n                    <\/div>\r\n        \r\n        <span class=\"btn-text\">BOWTIE <\/span>\r\n    <\/a>\r\n    <\/div>\t\t\t\t<\/div>\n\t\t\t\t<\/div>\n\t\t\t\t\t<\/div>\n\t\t<\/div>\n\t\t\t\t\t<\/div>\n\t\t<\/section>\n\t\t\t\t<section class=\"elementor-section elementor-inner-section elementor-element elementor-element-18b70c73 elementor-section-boxed elementor-section-height-default elementor-section-height-default\" data-id=\"18b70c73\" data-element_type=\"section\" data-e-type=\"section\">\n\t\t\t\t\t\t<div class=\"elementor-container elementor-column-gap-default\">\n\t\t\t\t\t<div class=\"elementor-column elementor-col-100 elementor-inner-column elementor-element elementor-element-191cfe9d\" data-id=\"191cfe9d\" data-element_type=\"column\" data-e-type=\"column\">\n\t\t\t<div class=\"elementor-widget-wrap elementor-element-populated\">\n\t\t\t\t\t\t<div class=\"elementor-element elementor-element-46b08b04 elementor-widget elementor-widget-heading\" data-id=\"46b08b04\" data-element_type=\"widget\" data-e-type=\"widget\" data-widget_type=\"heading.default\">\n\t\t\t\t<div class=\"elementor-widget-container\">\n\t\t\t\t\t<h3 class=\"elementor-heading-title elementor-size-default\">Solicite Informaci\u00f3n<\/h3>\t\t\t\t<\/div>\n\t\t\t\t<\/div>\n\t\t\t\t<div class=\"elementor-element elementor-element-48d677df elementor-widget elementor-widget-wpforms\" data-id=\"48d677df\" data-element_type=\"widget\" data-e-type=\"widget\" data-widget_type=\"wpforms.default\">\n\t\t\t\t<div class=\"elementor-widget-container\">\n\t\t\t\t\t<div class=\"wpforms-container wpforms-container-full wpforms-render-modern\" id=\"wpforms-5516\"><form id=\"wpforms-form-5516\" class=\"wpforms-validate wpforms-form wpforms-ajax-form\" data-formid=\"5516\" method=\"post\" enctype=\"multipart\/form-data\" action=\"\/es\/wp-json\/wp\/v2\/pages\/5808\" data-token=\"0378221ddb623702f77a281958090e7c\" data-token-time=\"1778693884\"><noscript class=\"wpforms-error-noscript\">Por favor, activa JavaScript en tu navegador para completar este formulario.<\/noscript><div id=\"wpforms-error-noscript\" style=\"display: none;\">Por favor, activa JavaScript en tu navegador para completar este formulario.<\/div><div class=\"wpforms-field-container\"><div id=\"wpforms-5516-field_1-container\" class=\"wpforms-field wpforms-field-name\" data-field-id=\"1\"><label class=\"wpforms-field-label\" for=\"wpforms-5516-field_1\">Nombre <span class=\"wpforms-required-label\" aria-hidden=\"true\">*<\/span><\/label><input type=\"text\" id=\"wpforms-5516-field_1\" class=\"wpforms-field-large wpforms-field-required\" name=\"wpforms[fields][1]\" placeholder=\"Nombre\" aria-errormessage=\"wpforms-5516-field_1-error\" required><\/div>\t\t<div id=\"wpforms-5516-field_3-container\"\n\t\t\tclass=\"wpforms-field wpforms-field-text\"\n\t\t\tdata-field-type=\"text\"\n\t\t\tdata-field-id=\"3\"\n\t\t\t>\n\t\t\t<label class=\"wpforms-field-label\" for=\"wpforms-5516-field_3\" >inter\u00e9s Curso o<\/label>\n\t\t\t<input type=\"text\" id=\"wpforms-5516-field_3\" class=\"wpforms-field-medium\" name=\"wpforms[fields][3]\" >\n\t\t<\/div>\n\t\t<div id=\"wpforms-5516-field_2-container\" class=\"wpforms-field wpforms-field-email\" data-field-id=\"2\"><label class=\"wpforms-field-label\" for=\"wpforms-5516-field_2\">Correo electr\u00f3nico <span class=\"wpforms-required-label\" aria-hidden=\"true\">*<\/span><\/label><input type=\"email\" id=\"wpforms-5516-field_2\" class=\"wpforms-field-large wpforms-field-required\" name=\"wpforms[fields][2]\" placeholder=\"Correo electr\u00f3nico\" spellcheck=\"false\" aria-errormessage=\"wpforms-5516-field_2-error\" required><\/div><div id=\"wpforms-5516-field_5-container\" class=\"wpforms-field wpforms-field-text\" data-field-id=\"5\"><label class=\"wpforms-field-label\" for=\"wpforms-5516-field_5\">Tel\u00e9fono <span class=\"wpforms-required-label\" aria-hidden=\"true\">*<\/span><\/label><input type=\"text\" id=\"wpforms-5516-field_5\" class=\"wpforms-field-large wpforms-field-required\" name=\"wpforms[fields][5]\" placeholder=\"Tel\u00e9fono\" aria-errormessage=\"wpforms-5516-field_5-error\" required><\/div><div id=\"wpforms-5516-field_6-container\" class=\"wpforms-field wpforms-field-text\" data-field-id=\"6\"><label class=\"wpforms-field-label\" for=\"wpforms-5516-field_6\">Empresa<\/label><input type=\"text\" id=\"wpforms-5516-field_6\" class=\"wpforms-field-large\" name=\"wpforms[fields][6]\" placeholder=\"Empresa\" aria-errormessage=\"wpforms-5516-field_6-error\" ><\/div><div id=\"wpforms-5516-field_9-container\" class=\"wpforms-field wpforms-field-checkbox\" data-field-id=\"9\"><fieldset><legend class=\"wpforms-field-label\">Curso virtual de inter\u00e9s<\/legend><ul id=\"wpforms-5516-field_9\"><li class=\"choice-1 depth-1\"><input type=\"checkbox\" id=\"wpforms-5516-field_9_1\" name=\"wpforms[fields][9][]\" value=\"HAZOP\" aria-errormessage=\"wpforms-5516-field_9_1-error\"  ><label class=\"wpforms-field-label-inline\" for=\"wpforms-5516-field_9_1\">HAZOP<\/label><\/li><li class=\"choice-4 depth-1\"><input type=\"checkbox\" id=\"wpforms-5516-field_9_4\" name=\"wpforms[fields][9][]\" value=\"WHAT IF\" aria-errormessage=\"wpforms-5516-field_9_4-error\"  ><label class=\"wpforms-field-label-inline\" for=\"wpforms-5516-field_9_4\">WHAT IF<\/label><\/li><li class=\"choice-2 depth-1\"><input type=\"checkbox\" id=\"wpforms-5516-field_9_2\" name=\"wpforms[fields][9][]\" value=\"LOPA\" aria-errormessage=\"wpforms-5516-field_9_2-error\"  ><label class=\"wpforms-field-label-inline\" for=\"wpforms-5516-field_9_2\">LOPA<\/label><\/li><li class=\"choice-3 depth-1\"><input type=\"checkbox\" id=\"wpforms-5516-field_9_3\" name=\"wpforms[fields][9][]\" value=\"BOWTIEXP\" aria-errormessage=\"wpforms-5516-field_9_3-error\"  ><label class=\"wpforms-field-label-inline\" for=\"wpforms-5516-field_9_3\">BOWTIEXP<\/label><\/li><\/ul><\/fieldset><\/div><div id=\"wpforms-5516-field_8-container\" class=\"wpforms-field wpforms-field-textarea\" data-field-id=\"8\"><label class=\"wpforms-field-label\" for=\"wpforms-5516-field_8\">Ind\u00edquenos el tema de inter\u00e9s o de consulta <\/label><textarea id=\"wpforms-5516-field_8\" class=\"wpforms-field-medium\" name=\"wpforms[fields][8]\" placeholder=\"Ind\u00edquenos el tema de inter\u00e9s o de consulta *\" aria-errormessage=\"wpforms-5516-field_8-error\" ><\/textarea><\/div><script>\n\t\t\t\t( function() {\n\t\t\t\t\tconst style = document.createElement( 'style' );\n\t\t\t\t\tstyle.appendChild( document.createTextNode( '#wpforms-5516-field_3-container { position: absolute !important; overflow: hidden !important; display: inline !important; height: 1px !important; width: 1px !important; z-index: -1000 !important; padding: 0 !important; } #wpforms-5516-field_3-container input { visibility: hidden; } #wpforms-conversational-form-page #wpforms-5516-field_3-container label { counter-increment: none; }' ) );\n\t\t\t\t\tdocument.head.appendChild( style );\n\t\t\t\t\tdocument.currentScript?.remove();\n\t\t\t\t} )();\n\t\t\t<\/script><\/div><!-- .wpforms-field-container --><div class=\"wpforms-recaptcha-container wpforms-is-recaptcha wpforms-is-recaptcha-type-v2\" ><div class=\"g-recaptcha\" data-sitekey=\"6LdxQm0rAAAAALtkOAYIgZlKm6g7rICI8W1b5wiH\"><\/div><input type=\"text\" name=\"g-recaptcha-hidden\" class=\"wpforms-recaptcha-hidden\" style=\"position:absolute!important;clip:rect(0,0,0,0)!important;height:1px!important;width:1px!important;border:0!important;overflow:hidden!important;padding:0!important;margin:0!important;\" data-rule-recaptcha=\"1\"><\/div><div class=\"wpforms-submit-container\" ><input type=\"hidden\" name=\"wpforms[id]\" value=\"5516\"><input type=\"hidden\" name=\"page_title\" value=\"\"><input type=\"hidden\" name=\"page_url\" value=\"https:\/\/cstrisk.com\/es\/wp-json\/wp\/v2\/pages\/5808\"><input type=\"hidden\" name=\"url_referer\" value=\"\"><button type=\"submit\" name=\"wpforms[submit]\" id=\"wpforms-submit-5516\" class=\"wpforms-submit\" data-alt-text=\"Enviando...\" data-submit-text=\"Solicitar informaci\u00f3n del curso\" aria-live=\"assertive\" value=\"wpforms-submit\">Solicitar informaci\u00f3n del curso<\/button><img decoding=\"async\" src=\"https:\/\/cstrisk.com\/es\/wp-content\/plugins\/wpforms-lite\/assets\/images\/submit-spin.svg\" class=\"wpforms-submit-spinner\" style=\"display: none;\" width=\"26\" height=\"26\" alt=\"Cargando\"><\/div><\/form><\/div>  <!-- .wpforms-container -->\t\t\t\t<\/div>\n\t\t\t\t<\/div>\n\t\t\t\t\t<\/div>\n\t\t<\/div>\n\t\t\t\t\t<\/div>\n\t\t<\/section>\n\t\t\t\t\t<\/div>\n\t\t<\/div>\n\t\t\t\t\t<\/div>\n\t\t<\/section>\n\t\t\t\t<\/div>\n\t\t","protected":false},"excerpt":{"rendered":"<p>\u00bfPor qu\u00e9 la T\u00e9cnica What-If es Clave para la Prevenci\u00f3n? La metodolog\u00eda\u00a0What-If\u00a0(\u00bfQu\u00e9 pasar\u00eda si&#8230;?) es una herramienta fundamental para la\u00a0identificaci\u00f3n temprana de riesgos\u00a0en procesos industriales. A diferencia de m\u00e9todos complejos, su simplicidad y flexibilidad permiten evaluar escenarios cr\u00edticos en\u00a0cualquier fase operativa, desde el dise\u00f1o hasta el mantenimiento. En CST, te ense\u00f1amos a aplicar esta t\u00e9cnica [&hellip;]<\/p>\n","protected":false},"author":1,"featured_media":0,"parent":0,"menu_order":0,"comment_status":"closed","ping_status":"closed","template":"elementor_header_footer","meta":{"inline_featured_image":false,"footnotes":""},"class_list":["post-5808","page","type-page","status-publish","hentry"],"_links":{"self":[{"href":"https:\/\/cstrisk.com\/es\/wp-json\/wp\/v2\/pages\/5808","targetHints":{"allow":["GET"]}}],"collection":[{"href":"https:\/\/cstrisk.com\/es\/wp-json\/wp\/v2\/pages"}],"about":[{"href":"https:\/\/cstrisk.com\/es\/wp-json\/wp\/v2\/types\/page"}],"author":[{"embeddable":true,"href":"https:\/\/cstrisk.com\/es\/wp-json\/wp\/v2\/users\/1"}],"replies":[{"embeddable":true,"href":"https:\/\/cstrisk.com\/es\/wp-json\/wp\/v2\/comments?post=5808"}],"version-history":[{"count":29,"href":"https:\/\/cstrisk.com\/es\/wp-json\/wp\/v2\/pages\/5808\/revisions"}],"predecessor-version":[{"id":6113,"href":"https:\/\/cstrisk.com\/es\/wp-json\/wp\/v2\/pages\/5808\/revisions\/6113"}],"wp:attachment":[{"href":"https:\/\/cstrisk.com\/es\/wp-json\/wp\/v2\/media?parent=5808"}],"curies":[{"name":"wp","href":"https:\/\/api.w.org\/{rel}","templated":true}]}}