{"id":5807,"date":"2025-11-07T08:05:46","date_gmt":"2025-11-07T13:05:46","guid":{"rendered":"https:\/\/cstrisk.com\/es\/?page_id=5807"},"modified":"2026-01-20T16:22:04","modified_gmt":"2026-01-20T21:22:04","slug":"lopa-virtual","status":"publish","type":"page","link":"https:\/\/cstrisk.com\/es\/lopa-virtual\/","title":{"rendered":"LOPA Virtual"},"content":{"rendered":"\t\t<div data-elementor-type=\"wp-page\" data-elementor-id=\"5807\" class=\"elementor elementor-5807\">\n\t\t\t\t\t\t<section class=\"elementor-section elementor-top-section elementor-element elementor-element-7c97fbc elementor-section-boxed elementor-section-height-default elementor-section-height-default\" data-id=\"7c97fbc\" data-element_type=\"section\" data-e-type=\"section\">\n\t\t\t\t\t\t<div class=\"elementor-container elementor-column-gap-default\">\n\t\t\t\t\t<div class=\"elementor-column elementor-col-50 elementor-top-column elementor-element elementor-element-a499090\" data-id=\"a499090\" data-element_type=\"column\" data-e-type=\"column\">\n\t\t\t<div class=\"elementor-widget-wrap elementor-element-populated\">\n\t\t\t\t\t\t<div class=\"elementor-element elementor-element-3918a0ca elementor-widget elementor-widget-image\" data-id=\"3918a0ca\" data-element_type=\"widget\" data-e-type=\"widget\" data-widget_type=\"image.default\">\n\t\t\t\t<div class=\"elementor-widget-container\">\n\t\t\t\t\t\t\t\t\t\t\t\t\t\t\t<img fetchpriority=\"high\" decoding=\"async\" width=\"640\" height=\"426\" src=\"https:\/\/cstrisk.com\/es\/wp-content\/uploads\/2025\/08\/2-1024x681.jpg\" class=\"attachment-large size-large wp-image-5541\" alt=\"\" srcset=\"https:\/\/cstrisk.com\/es\/wp-content\/uploads\/2025\/08\/2-1024x681.jpg 1024w, https:\/\/cstrisk.com\/es\/wp-content\/uploads\/2025\/08\/2-300x199.jpg 300w, https:\/\/cstrisk.com\/es\/wp-content\/uploads\/2025\/08\/2-768x511.jpg 768w, https:\/\/cstrisk.com\/es\/wp-content\/uploads\/2025\/08\/2-600x399.jpg 600w, https:\/\/cstrisk.com\/es\/wp-content\/uploads\/2025\/08\/2.jpg 1349w\" sizes=\"(max-width: 640px) 100vw, 640px\" \/>\t\t\t\t\t\t\t\t\t\t\t\t\t\t\t<\/div>\n\t\t\t\t<\/div>\n\t\t\t\t<section class=\"elementor-section elementor-inner-section elementor-element elementor-element-66e76ced elementor-section-boxed elementor-section-height-default elementor-section-height-default\" data-id=\"66e76ced\" data-element_type=\"section\" data-e-type=\"section\">\n\t\t\t\t\t\t<div class=\"elementor-container elementor-column-gap-default\">\n\t\t\t\t\t<div class=\"elementor-column elementor-col-100 elementor-inner-column elementor-element elementor-element-26b0a2af\" data-id=\"26b0a2af\" data-element_type=\"column\" data-e-type=\"column\">\n\t\t\t<div class=\"elementor-widget-wrap elementor-element-populated\">\n\t\t\t\t\t\t<div class=\"elementor-element elementor-element-1e6a9c4c elementor-widget elementor-widget-image\" data-id=\"1e6a9c4c\" data-element_type=\"widget\" data-e-type=\"widget\" data-widget_type=\"image.default\">\n\t\t\t\t<div class=\"elementor-widget-container\">\n\t\t\t\t\t\t\t\t\t\t\t\t\t\t\t<img decoding=\"async\" width=\"640\" height=\"242\" src=\"https:\/\/cstrisk.com\/es\/wp-content\/uploads\/2025\/06\/CST_CAPACITACION.png\" class=\"attachment-large size-large wp-image-5026\" alt=\"\" srcset=\"https:\/\/cstrisk.com\/es\/wp-content\/uploads\/2025\/06\/CST_CAPACITACION.png 900w, https:\/\/cstrisk.com\/es\/wp-content\/uploads\/2025\/06\/CST_CAPACITACION-300x113.png 300w, https:\/\/cstrisk.com\/es\/wp-content\/uploads\/2025\/06\/CST_CAPACITACION-768x290.png 768w, https:\/\/cstrisk.com\/es\/wp-content\/uploads\/2025\/06\/CST_CAPACITACION-600x227.png 600w\" sizes=\"(max-width: 640px) 100vw, 640px\" \/>\t\t\t\t\t\t\t\t\t\t\t\t\t\t\t<\/div>\n\t\t\t\t<\/div>\n\t\t\t\t\t<\/div>\n\t\t<\/div>\n\t\t\t\t\t<\/div>\n\t\t<\/section>\n\t\t\t\t<section class=\"elementor-section elementor-inner-section elementor-element elementor-element-5717df60 elementor-section-boxed elementor-section-height-default elementor-section-height-default\" data-id=\"5717df60\" data-element_type=\"section\" data-e-type=\"section\">\n\t\t\t\t\t\t<div class=\"elementor-container elementor-column-gap-default\">\n\t\t\t\t\t<div class=\"elementor-column elementor-col-100 elementor-inner-column elementor-element elementor-element-4f7b2e7b\" data-id=\"4f7b2e7b\" data-element_type=\"column\" data-e-type=\"column\">\n\t\t\t<div class=\"elementor-widget-wrap elementor-element-populated\">\n\t\t\t\t\t\t<div class=\"elementor-element elementor-element-429b1bef elementor-widget elementor-widget-spacer\" data-id=\"429b1bef\" data-element_type=\"widget\" data-e-type=\"widget\" data-widget_type=\"spacer.default\">\n\t\t\t\t<div class=\"elementor-widget-container\">\n\t\t\t\t\t\t\t<div class=\"elementor-spacer\">\n\t\t\t<div class=\"elementor-spacer-inner\"><\/div>\n\t\t<\/div>\n\t\t\t\t\t\t<\/div>\n\t\t\t\t<\/div>\n\t\t\t\t<div class=\"elementor-element elementor-element-f2f95cf elementor-widget elementor-widget-text-editor\" data-id=\"f2f95cf\" data-element_type=\"widget\" data-e-type=\"widget\" data-widget_type=\"text-editor.default\">\n\t\t\t\t<div class=\"elementor-widget-container\">\n\t\t\t\t\t\t\t\t\t<h3><span style=\"color: #000000;\">\u00bfPor qu\u00e9 el LOPA es Esencial para la Seguridad Funcional?<\/span><\/h3><p class=\"ds-markdown-paragraph\"><span style=\"color: #000000;\">El\u00a0An\u00e1lisis de Capas de Protecci\u00f3n (LOPA)\u00a0es la metodolog\u00eda reconocida internacionalmente para\u00a0cuantificar riesgos\u00a0y dise\u00f1ar\u00a0Sistemas Instrumentados de Seguridad (SIS)\u00a0seg\u00fan la norma\u00a0IEC 61511. En industrias de alto riesgo, un error en la evaluaci\u00f3n de protecciones puede costar vidas, multas millonarias y paradas operativas. Con este curso, no solo aprender\u00e1s teor\u00eda: desarrollar\u00e1s habilidades para\u00a0priorizar inversiones en seguridad de manera inteligente.<\/span><\/p><hr \/><h3><span style=\"color: #000000;\">Fechas y Horarios<\/span><\/h3><p class=\"ds-markdown-paragraph\"><span style=\"color: #000000;\">\u23f0 Horario:\u00a06:00 p.m. a 8:00 p.m. (UTC-5)<\/span><br \/><span style=\"color: #000000;\">\ud83d\udda5\ufe0f\u00a0Modalidad: Virtual en vivo (Teams)<\/span><br \/><span style=\"color: #000000;\">\u23f3\u00a0Duraci\u00f3n:\u00a08 horas (4 sesiones de 2 horas)<\/span><br \/><br \/><\/p><hr \/><h3><span style=\"color: #000000;\">Contenido<\/span><\/h3><p><span style=\"color: #000000;\">&#8211; Generalidades del LOPA<\/span><br \/><span style=\"color: #000000;\">\u00a0 \u00a0 \u00a0 \u00a0\u2022 Introducci\u00f3n y Contextualizaci\u00f3n<\/span><br \/><span style=\"color: #000000;\">&#8211; Definiciones <\/span><br \/><span style=\"color: #000000;\">&#8211; Conceptos y Limitaciones LOPA.<\/span><br \/><span style=\"color: #000000;\">&#8211; Estimaci\u00f3n de Consecuencias y Severidad<\/span><br \/><span style=\"color: #000000;\">&#8211; Desarrollo de Escenarios.<\/span><br \/><span style=\"color: #000000;\">&#8211; Identificaci\u00f3n de frecuencia de eventos &#8211; Iniciadores.<\/span><br \/><span style=\"color: #000000;\">&#8211; Identificaci\u00f3n de Capas Independientes de Protecci\u00f3n.<\/span><br \/><span style=\"color: #000000;\">&#8211; Determinaci\u00f3n de frecuencias de escenario.<\/span><br \/><span style=\"color: #000000;\">&#8211; Ejemplos y otras aplicaciones.<\/span><\/p><hr \/><h3><span style=\"color: #000000;\">\u00bfPor qu\u00e9 CST es L\u00edder en LOPA?<\/span><\/h3><ul><li><p class=\"ds-markdown-paragraph\"><span style=\"color: #000000;\">Instructores certificados\u00a0<\/span><\/p><\/li><li><p class=\"ds-markdown-paragraph\"><span style=\"color: #000000;\">Casos de estudio\u00a0de plantas en Colombia, M\u00e9xico y Chile.<\/span><\/p><\/li><li><p class=\"ds-markdown-paragraph\"><span style=\"color: #000000;\">Metodolog\u00eda probada\u00a0en +50 proyectos con ahorros comprobados.<\/span><\/p><\/li><\/ul><hr \/><h3><span style=\"color: #000000;\">Aplicaciones en la Industria Colombiana<\/span><\/h3><p class=\"ds-markdown-paragraph\"><span style=\"color: #000000;\">\ud83d\udd38\u00a0Petr\u00f3leo y Gas:\u00a0Optimizaci\u00f3n de SIS en refiner\u00edas de Ecopetrol.<\/span><br \/><span style=\"color: #000000;\">\ud83d\udd38\u00a0Qu\u00edmica:\u00a0C\u00e1lculo de SIL para manejo de cloro en plantas de tratamiento.<\/span><br \/><span style=\"color: #000000;\">\ud83d\udd38\u00a0Alimentos:\u00a0Protecci\u00f3n de calderas en procesos de esterilizaci\u00f3n.<\/span><\/p><hr \/><h3><span style=\"color: #000000;\">Inscr\u00edbete Hoy<\/span><\/h3><p class=\"ds-markdown-paragraph\"><span style=\"color: #000000;\">\ud83d\udcde\u00a0WhatsApp:\u00a0(+57) 312 585 9458<\/span><br \/><span style=\"color: #000000;\">\ud83d\udce7\u00a0Email:\u00a0<a style=\"color: #000000;\" href=\"https:\/\/mailto:comercial@cstrisk.com\/\" target=\"_blank\" rel=\"noopener noreferrer\">comercial@cstrisk.com<\/a><\/span><br \/><span style=\"color: #000000;\">*Incluye: Certificado + Herramientas digitales.<\/span><\/p>\t\t\t\t\t\t\t\t<\/div>\n\t\t\t\t<\/div>\n\t\t\t\t<div class=\"elementor-element elementor-element-ec4367a elementor-align-center elementor-widget elementor-widget-button\" data-id=\"ec4367a\" data-element_type=\"widget\" data-e-type=\"widget\" data-widget_type=\"button.default\">\n\t\t\t\t<div class=\"elementor-widget-container\">\n\t\t\t\t\t\t\t\t\t<div class=\"elementor-button-wrapper\">\n\t\t\t\t\t<a class=\"elementor-button elementor-button-link elementor-size-sm\" href=\"https:\/\/cstrisk.com\/es\/equipo-expositores\/\">\n\t\t\t\t\t\t<span class=\"elementor-button-content-wrapper\">\n\t\t\t\t\t\t\t\t\t<span class=\"elementor-button-text\">VER EQUIPO EXPOSITORES<\/span>\n\t\t\t\t\t<\/span>\n\t\t\t\t\t<\/a>\n\t\t\t\t<\/div>\n\t\t\t\t\t\t\t\t<\/div>\n\t\t\t\t<\/div>\n\t\t\t\t<div class=\"elementor-element elementor-element-4cecce81 elementor-widget elementor-widget-spacer\" data-id=\"4cecce81\" data-element_type=\"widget\" data-e-type=\"widget\" data-widget_type=\"spacer.default\">\n\t\t\t\t<div class=\"elementor-widget-container\">\n\t\t\t\t\t\t\t<div class=\"elementor-spacer\">\n\t\t\t<div class=\"elementor-spacer-inner\"><\/div>\n\t\t<\/div>\n\t\t\t\t\t\t<\/div>\n\t\t\t\t<\/div>\n\t\t\t\t\t<\/div>\n\t\t<\/div>\n\t\t\t\t\t<\/div>\n\t\t<\/section>\n\t\t\t\t\t<\/div>\n\t\t<\/div>\n\t\t\t\t<div class=\"elementor-column elementor-col-50 elementor-top-column elementor-element elementor-element-51bb1597\" data-id=\"51bb1597\" data-element_type=\"column\" data-e-type=\"column\">\n\t\t\t<div class=\"elementor-widget-wrap elementor-element-populated\">\n\t\t\t\t\t\t<section class=\"elementor-section elementor-inner-section elementor-element elementor-element-83c1944 elementor-section-boxed elementor-section-height-default elementor-section-height-default\" data-id=\"83c1944\" data-element_type=\"section\" data-e-type=\"section\">\n\t\t\t\t\t\t<div class=\"elementor-container elementor-column-gap-default\">\n\t\t\t\t\t<div class=\"elementor-column elementor-col-100 elementor-inner-column elementor-element elementor-element-50162ec8\" data-id=\"50162ec8\" data-element_type=\"column\" data-e-type=\"column\">\n\t\t\t<div class=\"elementor-widget-wrap elementor-element-populated\">\n\t\t\t\t\t\t<div class=\"elementor-element elementor-element-6072b9b8 elementor-widget elementor-widget-image\" data-id=\"6072b9b8\" data-element_type=\"widget\" data-e-type=\"widget\" data-widget_type=\"image.default\">\n\t\t\t\t<div class=\"elementor-widget-container\">\n\t\t\t\t\t\t\t\t\t\t\t\t\t\t\t<img decoding=\"async\" width=\"640\" height=\"242\" src=\"https:\/\/cstrisk.com\/es\/wp-content\/uploads\/2025\/06\/CST_CAPACITACION.png\" class=\"attachment-large size-large wp-image-5026\" alt=\"\" srcset=\"https:\/\/cstrisk.com\/es\/wp-content\/uploads\/2025\/06\/CST_CAPACITACION.png 900w, https:\/\/cstrisk.com\/es\/wp-content\/uploads\/2025\/06\/CST_CAPACITACION-300x113.png 300w, https:\/\/cstrisk.com\/es\/wp-content\/uploads\/2025\/06\/CST_CAPACITACION-768x290.png 768w, https:\/\/cstrisk.com\/es\/wp-content\/uploads\/2025\/06\/CST_CAPACITACION-600x227.png 600w\" sizes=\"(max-width: 640px) 100vw, 640px\" \/>\t\t\t\t\t\t\t\t\t\t\t\t\t\t\t<\/div>\n\t\t\t\t<\/div>\n\t\t\t\t<div class=\"elementor-element elementor-element-633e0048 elementor-widget elementor-widget-spacer\" data-id=\"633e0048\" data-element_type=\"widget\" data-e-type=\"widget\" data-widget_type=\"spacer.default\">\n\t\t\t\t<div class=\"elementor-widget-container\">\n\t\t\t\t\t\t\t<div class=\"elementor-spacer\">\n\t\t\t<div class=\"elementor-spacer-inner\"><\/div>\n\t\t<\/div>\n\t\t\t\t\t\t<\/div>\n\t\t\t\t<\/div>\n\t\t\t\t\t<\/div>\n\t\t<\/div>\n\t\t\t\t\t<\/div>\n\t\t<\/section>\n\t\t\t\t<div class=\"elementor-element elementor-element-3aaa227f elementor-widget elementor-widget-text-editor\" data-id=\"3aaa227f\" data-element_type=\"widget\" data-e-type=\"widget\" data-widget_type=\"text-editor.default\">\n\t\t\t\t<div class=\"elementor-widget-container\">\n\t\t\t\t\t\t\t\t\t<p><span style=\"color: #000000;\">Ofrecemos a nuestros clientes servicios de consultor\u00eda especializada en la determinaci\u00f3n, interpretaci\u00f3n, entendimiento, valoraci\u00f3n y gesti\u00f3n de riesgos<\/span><\/p>\t\t\t\t\t\t\t\t<\/div>\n\t\t\t\t<\/div>\n\t\t\t\t<section class=\"elementor-section elementor-inner-section elementor-element elementor-element-46f73bad elementor-section-boxed elementor-section-height-default elementor-section-height-default\" data-id=\"46f73bad\" data-element_type=\"section\" data-e-type=\"section\">\n\t\t\t\t\t\t<div class=\"elementor-container elementor-column-gap-default\">\n\t\t\t\t\t<div class=\"elementor-column elementor-col-100 elementor-inner-column elementor-element elementor-element-5a405c2f\" data-id=\"5a405c2f\" data-element_type=\"column\" data-e-type=\"column\">\n\t\t\t<div class=\"elementor-widget-wrap elementor-element-populated\">\n\t\t\t\t\t\t<div class=\"elementor-element elementor-element-dada09b elementor-widget elementor-widget-heading\" data-id=\"dada09b\" data-element_type=\"widget\" data-e-type=\"widget\" data-widget_type=\"heading.default\">\n\t\t\t\t<div class=\"elementor-widget-container\">\n\t\t\t\t\t<h3 class=\"elementor-heading-title elementor-size-default\">Cursos En L\u00ednea<\/h3>\t\t\t\t<\/div>\n\t\t\t\t<\/div>\n\t\t\t\t\t<\/div>\n\t\t<\/div>\n\t\t\t\t\t<\/div>\n\t\t<\/section>\n\t\t\t\t<section class=\"elementor-section elementor-inner-section elementor-element elementor-element-7ea3b6cb elementor-section-boxed elementor-section-height-default elementor-section-height-default\" data-id=\"7ea3b6cb\" data-element_type=\"section\" data-e-type=\"section\" data-settings=\"{&quot;background_background&quot;:&quot;classic&quot;}\">\n\t\t\t\t\t\t<div class=\"elementor-container elementor-column-gap-default\">\n\t\t\t\t\t<div class=\"elementor-column elementor-col-100 elementor-inner-column elementor-element elementor-element-1c8ef16\" data-id=\"1c8ef16\" data-element_type=\"column\" data-e-type=\"column\">\n\t\t\t<div class=\"elementor-widget-wrap elementor-element-populated\">\n\t\t\t\t\t\t<div class=\"elementor-element elementor-element-363eb11c elementor-widget elementor-widget-tx_link_lists elh-el tx_link_lists\" data-id=\"363eb11c\" data-element_type=\"widget\" data-e-type=\"widget\" data-settings=\"{&quot;design_style&quot;:&quot;style_6&quot;}\" data-widget_type=\"tx_link_lists.default\">\n\t\t\t\t<div class=\"elementor-widget-container\">\n\t\t\t\t\t<div class=\"brochure-wrap\">\r\n        <a href=\"https:\/\/cstrisk.com\/es\/hazop-virtual-2\/\" class=\"brochure-btn\">\r\n                <div class=\"icon\">\r\n                            <img decoding=\"async\" src=\"http:\/\/localhost:10076\/wp-content\/uploads\/2024\/08\/pdf-icon.svg\" alt=\"\">\r\n                    <\/div>\r\n        \r\n        <span class=\"btn-text\">HAZOP <\/span>\r\n    <\/a>\r\n        <a href=\"https:\/\/cstrisk.com\/es\/what-if-virtual\/\" class=\"brochure-btn\">\r\n                <div class=\"icon\">\r\n                            <img decoding=\"async\" src=\"http:\/\/localhost:10076\/wp-content\/uploads\/2024\/08\/pdf-icon.svg\" alt=\"\">\r\n                    <\/div>\r\n        \r\n        <span class=\"btn-text\">What if <\/span>\r\n    <\/a>\r\n        <a href=\"https:\/\/cstrisk.com\/es\/bowtie-virtual\/\" class=\"brochure-btn\">\r\n                <div class=\"icon\">\r\n                            <img decoding=\"async\" src=\"http:\/\/localhost:10076\/wp-content\/uploads\/2024\/08\/pdf-icon.svg\" alt=\"\">\r\n                    <\/div>\r\n        \r\n        <span class=\"btn-text\">BOWTIE <\/span>\r\n    <\/a>\r\n    <\/div>\t\t\t\t<\/div>\n\t\t\t\t<\/div>\n\t\t\t\t\t<\/div>\n\t\t<\/div>\n\t\t\t\t\t<\/div>\n\t\t<\/section>\n\t\t\t\t<section class=\"elementor-section elementor-inner-section elementor-element elementor-element-44b8aab8 elementor-section-boxed elementor-section-height-default elementor-section-height-default\" data-id=\"44b8aab8\" data-element_type=\"section\" data-e-type=\"section\">\n\t\t\t\t\t\t<div class=\"elementor-container elementor-column-gap-default\">\n\t\t\t\t\t<div class=\"elementor-column elementor-col-100 elementor-inner-column elementor-element elementor-element-31a3e1a5\" data-id=\"31a3e1a5\" data-element_type=\"column\" data-e-type=\"column\">\n\t\t\t<div class=\"elementor-widget-wrap elementor-element-populated\">\n\t\t\t\t\t\t<div class=\"elementor-element elementor-element-4f93d6cb elementor-widget elementor-widget-heading\" data-id=\"4f93d6cb\" data-element_type=\"widget\" data-e-type=\"widget\" data-widget_type=\"heading.default\">\n\t\t\t\t<div class=\"elementor-widget-container\">\n\t\t\t\t\t<h3 class=\"elementor-heading-title elementor-size-default\">Solicite Informaci\u00f3n<\/h3>\t\t\t\t<\/div>\n\t\t\t\t<\/div>\n\t\t\t\t<div class=\"elementor-element elementor-element-5d0ac6aa elementor-widget elementor-widget-wpforms\" data-id=\"5d0ac6aa\" data-element_type=\"widget\" data-e-type=\"widget\" data-widget_type=\"wpforms.default\">\n\t\t\t\t<div class=\"elementor-widget-container\">\n\t\t\t\t\t<div class=\"wpforms-container wpforms-container-full wpforms-render-modern\" id=\"wpforms-5516\"><form id=\"wpforms-form-5516\" class=\"wpforms-validate wpforms-form wpforms-ajax-form\" data-formid=\"5516\" method=\"post\" enctype=\"multipart\/form-data\" action=\"\/es\/wp-json\/wp\/v2\/pages\/5807\" data-token=\"0378221ddb623702f77a281958090e7c\" data-token-time=\"1778693957\"><noscript class=\"wpforms-error-noscript\">Por favor, activa JavaScript en tu navegador para completar este formulario.<\/noscript><div id=\"wpforms-error-noscript\" style=\"display: none;\">Por favor, activa JavaScript en tu navegador para completar este formulario.<\/div><div class=\"wpforms-field-container\">\t\t<div id=\"wpforms-5516-field_3-container\"\n\t\t\tclass=\"wpforms-field wpforms-field-text\"\n\t\t\tdata-field-type=\"text\"\n\t\t\tdata-field-id=\"3\"\n\t\t\t>\n\t\t\t<label class=\"wpforms-field-label\" for=\"wpforms-5516-field_3\" >o Nombre Correo<\/label>\n\t\t\t<input type=\"text\" id=\"wpforms-5516-field_3\" class=\"wpforms-field-medium\" name=\"wpforms[fields][3]\" >\n\t\t<\/div>\n\t\t<div id=\"wpforms-5516-field_1-container\" class=\"wpforms-field wpforms-field-name\" data-field-id=\"1\"><label class=\"wpforms-field-label\" for=\"wpforms-5516-field_1\">Nombre <span class=\"wpforms-required-label\" aria-hidden=\"true\">*<\/span><\/label><input type=\"text\" id=\"wpforms-5516-field_1\" class=\"wpforms-field-large wpforms-field-required\" name=\"wpforms[fields][1]\" placeholder=\"Nombre\" aria-errormessage=\"wpforms-5516-field_1-error\" required><\/div><div id=\"wpforms-5516-field_2-container\" class=\"wpforms-field wpforms-field-email\" data-field-id=\"2\"><label class=\"wpforms-field-label\" for=\"wpforms-5516-field_2\">Correo electr\u00f3nico <span class=\"wpforms-required-label\" aria-hidden=\"true\">*<\/span><\/label><input type=\"email\" id=\"wpforms-5516-field_2\" class=\"wpforms-field-large wpforms-field-required\" name=\"wpforms[fields][2]\" placeholder=\"Correo electr\u00f3nico\" spellcheck=\"false\" aria-errormessage=\"wpforms-5516-field_2-error\" required><\/div><div id=\"wpforms-5516-field_5-container\" class=\"wpforms-field wpforms-field-text\" data-field-id=\"5\"><label class=\"wpforms-field-label\" for=\"wpforms-5516-field_5\">Tel\u00e9fono <span class=\"wpforms-required-label\" aria-hidden=\"true\">*<\/span><\/label><input type=\"text\" id=\"wpforms-5516-field_5\" class=\"wpforms-field-large wpforms-field-required\" name=\"wpforms[fields][5]\" placeholder=\"Tel\u00e9fono\" aria-errormessage=\"wpforms-5516-field_5-error\" required><\/div><div id=\"wpforms-5516-field_6-container\" class=\"wpforms-field wpforms-field-text\" data-field-id=\"6\"><label class=\"wpforms-field-label\" for=\"wpforms-5516-field_6\">Empresa<\/label><input type=\"text\" id=\"wpforms-5516-field_6\" class=\"wpforms-field-large\" name=\"wpforms[fields][6]\" placeholder=\"Empresa\" aria-errormessage=\"wpforms-5516-field_6-error\" ><\/div><div id=\"wpforms-5516-field_9-container\" class=\"wpforms-field wpforms-field-checkbox\" data-field-id=\"9\"><fieldset><legend class=\"wpforms-field-label\">Curso virtual de inter\u00e9s<\/legend><ul id=\"wpforms-5516-field_9\"><li class=\"choice-1 depth-1\"><input type=\"checkbox\" id=\"wpforms-5516-field_9_1\" name=\"wpforms[fields][9][]\" value=\"HAZOP\" aria-errormessage=\"wpforms-5516-field_9_1-error\"  ><label class=\"wpforms-field-label-inline\" for=\"wpforms-5516-field_9_1\">HAZOP<\/label><\/li><li class=\"choice-4 depth-1\"><input type=\"checkbox\" id=\"wpforms-5516-field_9_4\" name=\"wpforms[fields][9][]\" value=\"WHAT IF\" aria-errormessage=\"wpforms-5516-field_9_4-error\"  ><label class=\"wpforms-field-label-inline\" for=\"wpforms-5516-field_9_4\">WHAT IF<\/label><\/li><li class=\"choice-2 depth-1\"><input type=\"checkbox\" id=\"wpforms-5516-field_9_2\" name=\"wpforms[fields][9][]\" value=\"LOPA\" aria-errormessage=\"wpforms-5516-field_9_2-error\"  ><label class=\"wpforms-field-label-inline\" for=\"wpforms-5516-field_9_2\">LOPA<\/label><\/li><li class=\"choice-3 depth-1\"><input type=\"checkbox\" id=\"wpforms-5516-field_9_3\" name=\"wpforms[fields][9][]\" value=\"BOWTIEXP\" aria-errormessage=\"wpforms-5516-field_9_3-error\"  ><label class=\"wpforms-field-label-inline\" for=\"wpforms-5516-field_9_3\">BOWTIEXP<\/label><\/li><\/ul><\/fieldset><\/div><div id=\"wpforms-5516-field_8-container\" class=\"wpforms-field wpforms-field-textarea\" data-field-id=\"8\"><label class=\"wpforms-field-label\" for=\"wpforms-5516-field_8\">Ind\u00edquenos el tema de inter\u00e9s o de consulta <\/label><textarea id=\"wpforms-5516-field_8\" class=\"wpforms-field-medium\" name=\"wpforms[fields][8]\" placeholder=\"Ind\u00edquenos el tema de inter\u00e9s o de consulta *\" aria-errormessage=\"wpforms-5516-field_8-error\" ><\/textarea><\/div><script>\n\t\t\t\t( function() {\n\t\t\t\t\tconst style = document.createElement( 'style' );\n\t\t\t\t\tstyle.appendChild( document.createTextNode( '#wpforms-5516-field_3-container { position: absolute !important; overflow: hidden !important; display: inline !important; height: 1px !important; width: 1px !important; z-index: -1000 !important; padding: 0 !important; } #wpforms-5516-field_3-container input { visibility: hidden; } #wpforms-conversational-form-page #wpforms-5516-field_3-container label { counter-increment: none; }' ) );\n\t\t\t\t\tdocument.head.appendChild( style );\n\t\t\t\t\tdocument.currentScript?.remove();\n\t\t\t\t} )();\n\t\t\t<\/script><\/div><!-- .wpforms-field-container --><div class=\"wpforms-recaptcha-container wpforms-is-recaptcha wpforms-is-recaptcha-type-v2\" ><div class=\"g-recaptcha\" data-sitekey=\"6LdxQm0rAAAAALtkOAYIgZlKm6g7rICI8W1b5wiH\"><\/div><input type=\"text\" name=\"g-recaptcha-hidden\" class=\"wpforms-recaptcha-hidden\" style=\"position:absolute!important;clip:rect(0,0,0,0)!important;height:1px!important;width:1px!important;border:0!important;overflow:hidden!important;padding:0!important;margin:0!important;\" data-rule-recaptcha=\"1\"><\/div><div class=\"wpforms-submit-container\" ><input type=\"hidden\" name=\"wpforms[id]\" value=\"5516\"><input type=\"hidden\" name=\"page_title\" value=\"\"><input type=\"hidden\" name=\"page_url\" value=\"https:\/\/cstrisk.com\/es\/wp-json\/wp\/v2\/pages\/5807\"><input type=\"hidden\" name=\"url_referer\" value=\"\"><button type=\"submit\" name=\"wpforms[submit]\" id=\"wpforms-submit-5516\" class=\"wpforms-submit\" data-alt-text=\"Enviando...\" data-submit-text=\"Solicitar informaci\u00f3n del curso\" aria-live=\"assertive\" value=\"wpforms-submit\">Solicitar informaci\u00f3n del curso<\/button><img decoding=\"async\" src=\"https:\/\/cstrisk.com\/es\/wp-content\/plugins\/wpforms-lite\/assets\/images\/submit-spin.svg\" class=\"wpforms-submit-spinner\" style=\"display: none;\" width=\"26\" height=\"26\" alt=\"Cargando\"><\/div><\/form><\/div>  <!-- .wpforms-container -->\t\t\t\t<\/div>\n\t\t\t\t<\/div>\n\t\t\t\t\t<\/div>\n\t\t<\/div>\n\t\t\t\t\t<\/div>\n\t\t<\/section>\n\t\t\t\t\t<\/div>\n\t\t<\/div>\n\t\t\t\t\t<\/div>\n\t\t<\/section>\n\t\t\t\t<\/div>\n\t\t","protected":false},"excerpt":{"rendered":"<p>\u00bfPor qu\u00e9 el LOPA es Esencial para la Seguridad Funcional? El\u00a0An\u00e1lisis de Capas de Protecci\u00f3n (LOPA)\u00a0es la metodolog\u00eda reconocida internacionalmente para\u00a0cuantificar riesgos\u00a0y dise\u00f1ar\u00a0Sistemas Instrumentados de Seguridad (SIS)\u00a0seg\u00fan la norma\u00a0IEC 61511. En industrias de alto riesgo, un error en la evaluaci\u00f3n de protecciones puede costar vidas, multas millonarias y paradas operativas. Con este curso, no solo [&hellip;]<\/p>\n","protected":false},"author":1,"featured_media":0,"parent":0,"menu_order":0,"comment_status":"closed","ping_status":"closed","template":"elementor_header_footer","meta":{"inline_featured_image":false,"footnotes":""},"class_list":["post-5807","page","type-page","status-publish","hentry"],"_links":{"self":[{"href":"https:\/\/cstrisk.com\/es\/wp-json\/wp\/v2\/pages\/5807","targetHints":{"allow":["GET"]}}],"collection":[{"href":"https:\/\/cstrisk.com\/es\/wp-json\/wp\/v2\/pages"}],"about":[{"href":"https:\/\/cstrisk.com\/es\/wp-json\/wp\/v2\/types\/page"}],"author":[{"embeddable":true,"href":"https:\/\/cstrisk.com\/es\/wp-json\/wp\/v2\/users\/1"}],"replies":[{"embeddable":true,"href":"https:\/\/cstrisk.com\/es\/wp-json\/wp\/v2\/comments?post=5807"}],"version-history":[{"count":29,"href":"https:\/\/cstrisk.com\/es\/wp-json\/wp\/v2\/pages\/5807\/revisions"}],"predecessor-version":[{"id":6117,"href":"https:\/\/cstrisk.com\/es\/wp-json\/wp\/v2\/pages\/5807\/revisions\/6117"}],"wp:attachment":[{"href":"https:\/\/cstrisk.com\/es\/wp-json\/wp\/v2\/media?parent=5807"}],"curies":[{"name":"wp","href":"https:\/\/api.w.org\/{rel}","templated":true}]}}