{"id":52,"date":"2024-08-04T07:42:52","date_gmt":"2024-08-04T07:42:52","guid":{"rendered":"https:\/\/themexriver.com\/wp\/indsro\/?page_id=52"},"modified":"2025-06-23T21:35:07","modified_gmt":"2025-06-24T02:35:07","slug":"nuestros-servicios","status":"publish","type":"page","link":"https:\/\/cstrisk.com\/es\/nuestros-servicios\/","title":{"rendered":"Nuestros Servicios"},"content":{"rendered":"\t\t<div data-elementor-type=\"wp-page\" data-elementor-id=\"52\" class=\"elementor elementor-52\">\n\t\t\t\t\t\t<section class=\"elementor-section elementor-top-section elementor-element elementor-element-155fc86 elementor-section-boxed elementor-section-height-default elementor-section-height-default\" data-id=\"155fc86\" data-element_type=\"section\" data-e-type=\"section\">\n\t\t\t\t\t\t<div class=\"elementor-container elementor-column-gap-no\">\n\t\t\t\t\t<div class=\"elementor-column elementor-col-100 elementor-top-column elementor-element elementor-element-428c26b\" data-id=\"428c26b\" data-element_type=\"column\" data-e-type=\"column\">\n\t\t\t<div class=\"elementor-widget-wrap elementor-element-populated\">\n\t\t\t\t\t\t<div class=\"elementor-element elementor-element-5dec75f elementor-widget elementor-widget-heading\" data-id=\"5dec75f\" data-element_type=\"widget\" data-e-type=\"widget\" data-widget_type=\"heading.default\">\n\t\t\t\t<div class=\"elementor-widget-container\">\n\t\t\t\t\t<h2 class=\"elementor-heading-title elementor-size-default\">CST: Soluciones Integrales en Gesti\u00f3n de Riesgos \u2013 Consultor\u00eda, Software y Capacitaci\u00f3n<\/h2>\t\t\t\t<\/div>\n\t\t\t\t<\/div>\n\t\t\t\t<div class=\"elementor-element elementor-element-6feffff elementor-widget elementor-widget-tx_info_text elh-el tx_info_text\" data-id=\"6feffff\" data-element_type=\"widget\" data-e-type=\"widget\" data-settings=\"{&quot;design_style&quot;:&quot;style_2&quot;}\" data-widget_type=\"tx_info_text.default\">\n\t\t\t\t<div class=\"elementor-widget-container\">\n\t\t\t\t\t<div class=\"fti-team-3-area p-0 tx-infoText\">\r\n<p class=\"fti-para-3-small fti-bottom-disc wow fadeInUp m-0\">En CST ofrecemos soluciones 360\u00b0 en gesti\u00f3n de riesgos para industrias cr\u00edticas, combinando consultor\u00eda experta, tecnolog\u00eda especializada y capacitaci\u00f3n certificada. Nuestro enfoque integral ayuda a organizaciones a anticipar amenazas, optimizar procesos y construir culturas de seguridad proactivas.<\/p>\r\n<\/div>\r\n\t\t\t\t<\/div>\n\t\t\t\t<\/div>\n\t\t\t\t\t<\/div>\n\t\t<\/div>\n\t\t\t\t\t<\/div>\n\t\t<\/section>\n\t\t\t\t<section class=\"elementor-section elementor-top-section elementor-element elementor-element-3cd0f64a elementor-section-boxed elementor-section-height-default elementor-section-height-default\" data-id=\"3cd0f64a\" data-element_type=\"section\" data-e-type=\"section\">\n\t\t\t\t\t\t<div class=\"elementor-container elementor-column-gap-default\">\n\t\t\t\t\t<div class=\"elementor-column elementor-col-33 elementor-top-column elementor-element elementor-element-30ce98fb\" data-id=\"30ce98fb\" data-element_type=\"column\" data-e-type=\"column\">\n\t\t\t<div class=\"elementor-widget-wrap elementor-element-populated\">\n\t\t\t\t\t\t<div class=\"elementor-element elementor-element-f8c943d elementor-widget elementor-widget-tx_icon_box elh-el tx_icon_box\" data-id=\"f8c943d\" data-element_type=\"widget\" data-e-type=\"widget\" data-settings=\"{&quot;design_style&quot;:&quot;style_2&quot;}\" data-widget_type=\"tx_icon_box.default\">\n\t\t\t\t<div class=\"elementor-widget-container\">\n\t\t\t\t\t<div class=\"fti-services-3-item txIcon-box wow fadeInUp\"\r\ndata-wow-delay=\"\"\r\ndata-wow-duration=\"\">\r\n        <div class=\"icon\">\r\n                    <img decoding=\"async\" src=\"https:\/\/cstrisk.com\/es\/wp-content\/uploads\/2025\/06\/CST_CAPACITACION.png\" alt=\"CST_CAPACITACION\" \/>\r\n            <\/div>\r\n    \r\n    \r\n        <p class=\"fti-para-3-small disc\"><b>CST<\/b> ofrece la capacitaci\u00f3n en Riesgos de tres formas, Asincr\u00f3nica, Cursos abiertos y\nCursos Cerrados<\/p>\r\n    \r\n        <a href=\"https:\/\/cstrisk.com\/es\/capacitacion\/\"\r\n    target=\"_self\"\r\n    rel=\"\"\r\n    class=\"services-3-btn\">\r\n                <span class=\"btn-icon\">\r\n            <i aria-hidden=\"true\" class=\"fas fa-long-arrow-alt-right\"><\/i>        <\/span>\r\n        \r\n                <span class=\"btn-text\">VER M\u00c1S<\/span>\r\n        \r\n                <span class=\"btn-icon-2\">\r\n            <i aria-hidden=\"true\" class=\"fas fa-long-arrow-alt-right\"><\/i>        <\/span>\r\n            <\/a>\r\n    <\/div>\t\t\t\t<\/div>\n\t\t\t\t<\/div>\n\t\t\t\t\t<\/div>\n\t\t<\/div>\n\t\t\t\t<div class=\"elementor-column elementor-col-33 elementor-top-column elementor-element elementor-element-a689847\" data-id=\"a689847\" data-element_type=\"column\" data-e-type=\"column\">\n\t\t\t<div class=\"elementor-widget-wrap elementor-element-populated\">\n\t\t\t\t\t\t<div class=\"elementor-element elementor-element-7cf7ec8d elementor-widget elementor-widget-tx_icon_box elh-el tx_icon_box\" data-id=\"7cf7ec8d\" data-element_type=\"widget\" data-e-type=\"widget\" data-settings=\"{&quot;design_style&quot;:&quot;style_2&quot;}\" data-widget_type=\"tx_icon_box.default\">\n\t\t\t\t<div class=\"elementor-widget-container\">\n\t\t\t\t\t<div class=\"fti-services-3-item txIcon-box wow fadeInUp\"\r\ndata-wow-delay=\"0.2s\"\r\ndata-wow-duration=\"\">\r\n        <div class=\"icon\">\r\n                    <img decoding=\"async\" src=\"https:\/\/cstrisk.com\/es\/wp-content\/uploads\/2025\/06\/CST_CONSULTORIA.png\" alt=\"CST_CONSULTORIA\" \/>\r\n            <\/div>\r\n    \r\n    \r\n        <p class=\"fti-para-3-small disc\">Ofrecemos a nuestros clientes servicios de consultor\u00eda especializada en la determinaci\u00f3n, interpretaci\u00f3n, entendimiento, valoraci\u00f3n y gesti\u00f3n de riesgos<\/p>\r\n    \r\n        <a href=\"https:\/\/cstrisk.com\/es\/consultoria\/\"\r\n    target=\"_self\"\r\n    rel=\"\"\r\n    class=\"services-3-btn\">\r\n                <span class=\"btn-icon\">\r\n            <i aria-hidden=\"true\" class=\"fas fa-long-arrow-alt-right\"><\/i>        <\/span>\r\n        \r\n                <span class=\"btn-text\">VER M\u00c1S<\/span>\r\n        \r\n                <span class=\"btn-icon-2\">\r\n            <i aria-hidden=\"true\" class=\"fas fa-long-arrow-alt-right\"><\/i>        <\/span>\r\n            <\/a>\r\n    <\/div>\t\t\t\t<\/div>\n\t\t\t\t<\/div>\n\t\t\t\t\t<\/div>\n\t\t<\/div>\n\t\t\t\t<div class=\"elementor-column elementor-col-33 elementor-top-column elementor-element elementor-element-10c507e3\" data-id=\"10c507e3\" data-element_type=\"column\" data-e-type=\"column\">\n\t\t\t<div class=\"elementor-widget-wrap elementor-element-populated\">\n\t\t\t\t\t\t<div class=\"elementor-element elementor-element-10e58450 elementor-widget elementor-widget-tx_icon_box elh-el tx_icon_box\" data-id=\"10e58450\" data-element_type=\"widget\" data-e-type=\"widget\" data-settings=\"{&quot;design_style&quot;:&quot;style_2&quot;}\" data-widget_type=\"tx_icon_box.default\">\n\t\t\t\t<div class=\"elementor-widget-container\">\n\t\t\t\t\t<div class=\"fti-services-3-item txIcon-box wow fadeInUp\"\r\ndata-wow-delay=\"0.4s\"\r\ndata-wow-duration=\"\">\r\n        <div class=\"icon\">\r\n                    <img decoding=\"async\" src=\"https:\/\/cstrisk.com\/es\/wp-content\/uploads\/2025\/06\/CST_SOFTWARE.png\" alt=\"CST_SOFTWARE\" \/>\r\n            <\/div>\r\n    \r\n    \r\n        <p class=\"fti-para-3-small disc\">Productos para el \u00f3ptimo gestionamiento\nde peque\u00f1a, mediana y gran empresa, a trav\u00e9s de nuestras herramientas tecnol\u00f3gicas<\/p>\r\n    \r\n        <a href=\"https:\/\/cstrisk.com\/es\/software\/\"\r\n    target=\"_self\"\r\n    rel=\"\"\r\n    class=\"services-3-btn\">\r\n                <span class=\"btn-icon\">\r\n            <i aria-hidden=\"true\" class=\"fas fa-long-arrow-alt-right\"><\/i>        <\/span>\r\n        \r\n                <span class=\"btn-text\">VR M\u00c1S<\/span>\r\n        \r\n                <span class=\"btn-icon-2\">\r\n            <i aria-hidden=\"true\" class=\"fas fa-long-arrow-alt-right\"><\/i>        <\/span>\r\n            <\/a>\r\n    <\/div>\t\t\t\t<\/div>\n\t\t\t\t<\/div>\n\t\t\t\t\t<\/div>\n\t\t<\/div>\n\t\t\t\t\t<\/div>\n\t\t<\/section>\n\t\t\t\t<\/div>\n\t\t","protected":false},"excerpt":{"rendered":"<p>CST: Soluciones Integrales en Gesti\u00f3n de Riesgos \u2013 Consultor\u00eda, Software y Capacitaci\u00f3n En CST ofrecemos soluciones 360\u00b0 en gesti\u00f3n de riesgos para industrias cr\u00edticas, combinando consultor\u00eda experta, tecnolog\u00eda especializada y capacitaci\u00f3n certificada. Nuestro enfoque integral ayuda a organizaciones a anticipar amenazas, optimizar procesos y construir culturas de seguridad proactivas. CST ofrece la capacitaci\u00f3n en Riesgos [&hellip;]<\/p>\n","protected":false},"author":1,"featured_media":0,"parent":0,"menu_order":0,"comment_status":"closed","ping_status":"closed","template":"","meta":{"inline_featured_image":false,"footnotes":""},"class_list":["post-52","page","type-page","status-publish","hentry"],"_links":{"self":[{"href":"https:\/\/cstrisk.com\/es\/wp-json\/wp\/v2\/pages\/52","targetHints":{"allow":["GET"]}}],"collection":[{"href":"https:\/\/cstrisk.com\/es\/wp-json\/wp\/v2\/pages"}],"about":[{"href":"https:\/\/cstrisk.com\/es\/wp-json\/wp\/v2\/types\/page"}],"author":[{"embeddable":true,"href":"https:\/\/cstrisk.com\/es\/wp-json\/wp\/v2\/users\/1"}],"replies":[{"embeddable":true,"href":"https:\/\/cstrisk.com\/es\/wp-json\/wp\/v2\/comments?post=52"}],"version-history":[{"count":7,"href":"https:\/\/cstrisk.com\/es\/wp-json\/wp\/v2\/pages\/52\/revisions"}],"predecessor-version":[{"id":5287,"href":"https:\/\/cstrisk.com\/es\/wp-json\/wp\/v2\/pages\/52\/revisions\/5287"}],"wp:attachment":[{"href":"https:\/\/cstrisk.com\/es\/wp-json\/wp\/v2\/media?parent=52"}],"curies":[{"name":"wp","href":"https:\/\/api.w.org\/{rel}","templated":true}]}}