{"id":24,"date":"2024-08-04T07:39:38","date_gmt":"2024-08-04T07:39:38","guid":{"rendered":"https:\/\/themexriver.com\/wp\/indsro\/?page_id=24"},"modified":"2025-11-05T13:22:35","modified_gmt":"2025-11-05T18:22:35","slug":"nosotros","status":"publish","type":"page","link":"https:\/\/cstrisk.com\/es\/nosotros\/","title":{"rendered":"Nosotros"},"content":{"rendered":"\t\t<div data-elementor-type=\"wp-page\" data-elementor-id=\"24\" class=\"elementor elementor-24\">\n\t\t\t\t\t\t<section class=\"elementor-section elementor-top-section elementor-element elementor-element-9a908b6 elementor-section-full_width elementor-section-height-default elementor-section-height-default\" data-id=\"9a908b6\" data-element_type=\"section\" data-e-type=\"section\">\n\t\t\t\t\t\t<div class=\"elementor-container elementor-column-gap-default\">\n\t\t\t\t\t<div class=\"elementor-column elementor-col-100 elementor-top-column elementor-element elementor-element-d54408d\" data-id=\"d54408d\" data-element_type=\"column\" data-e-type=\"column\">\n\t\t\t<div class=\"elementor-widget-wrap elementor-element-populated\">\n\t\t\t\t\t\t<div class=\"elementor-element elementor-element-15057eb elementor-widget elementor-widget-tx_about elh-el tx_about\" data-id=\"15057eb\" data-element_type=\"widget\" data-e-type=\"widget\" data-settings=\"{&quot;design_style&quot;:&quot;style_1&quot;}\" data-widget_type=\"tx_about.default\">\n\t\t\t\t<div class=\"elementor-widget-container\">\n\t\t\t\t\t<div class=\"fti-solution-3-area fti-class-add tx-section\">\r\n    <div class=\"container fti-container-8\">\r\n        <div class=\"fti-solution-3-wrap\">\r\n            <!-- main image  -->\r\n                        <div class=\"main-img\">\r\n                <img decoding=\"async\"\r\n                src=\"https:\/\/cstrisk.com\/es\/wp-content\/uploads\/2025\/06\/cst-1.jpg\"\r\n                alt=\"cst 1\">\r\n            <\/div>\r\n            \r\n            <!-- content  -->\r\n            <div class=\"content\">\r\n                <!-- title -->\r\n                <div class=\"solution-title-wrap\">\r\n                                        <h5 class=\"fti-subtitle-4 tx-subTitle\">GESTI\u00d3N DE RIESGOS<\/h5>\r\n                    <h2 class=\"tx-title fti-section-title-4 fti-split-text fti-split-in-right-4\">CST: Expertos en Gesti\u00f3n Integral de Riesgos<\/h2>                <\/div>\r\n                <div class=\"solution-bottom\">\r\n                                        <div class=\"img-wrap\">\r\n                        <img decoding=\"async\"\r\n                        src=\"https:\/\/cstrisk.com\/es\/wp-content\/uploads\/2025\/06\/cst-2.jpg\"\r\n                        alt=\"cst 2\">\r\n                    <\/div>\r\n                    \r\n                    <div class=\"info\">\r\n                                                <p class=\"fti-para-3-small disc tx-description\">En CST transformamos la gesti\u00f3n de riesgos en una ventaja estrat\u00e9gica para tu organizaci\u00f3n. Con m\u00e1s de 400 proyectos ejecutados y 300 profesionales capacitados, somos l\u00edderes en consultor\u00eda especializada para industrias que manejan procesos cr\u00edticos.\n<\/p>\r\n                        \r\n                        \r\n                        \r\n                                            <\/div>\r\n                <\/div>\r\n            <\/div>\r\n        <\/div>\r\n    <\/div>\r\n<\/div>\t\t\t\t<\/div>\n\t\t\t\t<\/div>\n\t\t\t\t\t<\/div>\n\t\t<\/div>\n\t\t\t\t\t<\/div>\n\t\t<\/section>\n\t\t<div class=\"elementor-element elementor-element-9fd1908 e-flex e-con-boxed e-con e-parent\" data-id=\"9fd1908\" data-element_type=\"container\" data-e-type=\"container\">\n\t\t\t\t\t<div class=\"e-con-inner\">\n\t\t\t\t<div class=\"elementor-element elementor-element-d316e68 elementor-widget elementor-widget-heading\" data-id=\"d316e68\" data-element_type=\"widget\" data-e-type=\"widget\" data-widget_type=\"heading.default\">\n\t\t\t\t<div class=\"elementor-widget-container\">\n\t\t\t\t\t<h2 class=\"elementor-heading-title elementor-size-default\">Nuestra Esencia:<\/h2>\t\t\t\t<\/div>\n\t\t\t\t<\/div>\n\t\t\t\t\t<\/div>\n\t\t\t\t<\/div>\n\t\t<div class=\"elementor-element elementor-element-2661ec0 e-grid e-con-boxed e-con e-parent\" data-id=\"2661ec0\" data-element_type=\"container\" data-e-type=\"container\">\n\t\t\t\t\t<div class=\"e-con-inner\">\n\t\t\t\t<div class=\"elementor-element elementor-element-bb33f1a elementor-widget elementor-widget-text-editor\" data-id=\"bb33f1a\" data-element_type=\"widget\" data-e-type=\"widget\" data-widget_type=\"text-editor.default\">\n\t\t\t\t<div class=\"elementor-widget-container\">\n\t\t\t\t\t\t\t\t\t<p>\ud83d\udd39 Identificamos, analizamos y controlamos riesgos en proyectos, operaciones y entornos corporativos, usando metodolog\u00edas avaladas internacionalmente como HAZOP, BowTie, LOPA y What-If.<\/p><p>\u00a0<\/p>\t\t\t\t\t\t\t\t<\/div>\n\t\t\t\t<\/div>\n\t\t\t\t<div class=\"elementor-element elementor-element-2abe5db elementor-widget elementor-widget-text-editor\" data-id=\"2abe5db\" data-element_type=\"widget\" data-e-type=\"widget\" data-widget_type=\"text-editor.default\">\n\t\t\t\t<div class=\"elementor-widget-container\">\n\t\t\t\t\t\t\t\t\t<p>\ud83d\udd39 Desarrollamos soluciones tecnol\u00f3gicas propias (CST OPPE CRM) y somos partners oficiales de Wolters Kluwer para implementar BowTie Suite, la herramienta m\u00e1s robusta para visualizaci\u00f3n de riesgos.<\/p>\t\t\t\t\t\t\t\t<\/div>\n\t\t\t\t<\/div>\n\t\t\t\t<div class=\"elementor-element elementor-element-fed8aa1 elementor-widget elementor-widget-text-editor\" data-id=\"fed8aa1\" data-element_type=\"widget\" data-e-type=\"widget\" data-widget_type=\"text-editor.default\">\n\t\t\t\t<div class=\"elementor-widget-container\">\n\t\t\t\t\t\t\t\t\t<p>\ud83d\udd39 Capacitamos equipos con programas flexibles (virtuales, in company y eventos especiales) que combinan teor\u00eda y pr\u00e1ctica.<\/p>\t\t\t\t\t\t\t\t<\/div>\n\t\t\t\t<\/div>\n\t\t\t\t\t<\/div>\n\t\t\t\t<\/div>\n\t\t\t\t<section class=\"elementor-section elementor-top-section elementor-element elementor-element-e43e4f2 elementor-section-boxed elementor-section-height-default elementor-section-height-default\" data-id=\"e43e4f2\" data-element_type=\"section\" data-e-type=\"section\">\n\t\t\t\t\t\t<div class=\"elementor-container elementor-column-gap-custom\">\n\t\t\t\t\t<div class=\"elementor-column elementor-col-33 elementor-top-column elementor-element elementor-element-a14ea64\" data-id=\"a14ea64\" data-element_type=\"column\" data-e-type=\"column\">\n\t\t\t<div class=\"elementor-widget-wrap elementor-element-populated\">\n\t\t\t\t\t\t<div class=\"elementor-element elementor-element-e854c15 elementor-widget elementor-widget-tx_count_box elh-el tx_count_box\" data-id=\"e854c15\" data-element_type=\"widget\" data-e-type=\"widget\" data-settings=\"{&quot;design_style&quot;:&quot;style_1&quot;}\" data-widget_type=\"tx_count_box.default\">\n\t\t\t\t<div class=\"elementor-widget-container\">\n\t\t\t\t\t<div class=\"fti-capacity-3-item\">\r\n    <h2 class=\"number\">\r\n        <span class=\"counter\">\r\n            400<\/span><span class=\"plus\">+<\/span>\r\n    <\/h2>\r\n        <div class=\"capacity-divideer\"><\/div>\r\n    <h5 class=\"capacity-title\">Proyectos Exitosamente Ejecutados<\/h5>\r\n    <\/div>\t\t\t\t<\/div>\n\t\t\t\t<\/div>\n\t\t\t\t\t<\/div>\n\t\t<\/div>\n\t\t\t\t<div class=\"elementor-column elementor-col-33 elementor-top-column elementor-element elementor-element-2abebcc\" data-id=\"2abebcc\" data-element_type=\"column\" data-e-type=\"column\">\n\t\t\t<div class=\"elementor-widget-wrap elementor-element-populated\">\n\t\t\t\t\t\t<div class=\"elementor-element elementor-element-cada461 elementor-widget elementor-widget-tx_count_box elh-el tx_count_box\" data-id=\"cada461\" data-element_type=\"widget\" data-e-type=\"widget\" data-settings=\"{&quot;design_style&quot;:&quot;style_1&quot;}\" data-widget_type=\"tx_count_box.default\">\n\t\t\t\t<div class=\"elementor-widget-container\">\n\t\t\t\t\t<div class=\"fti-capacity-3-item\">\r\n    <h2 class=\"number\">\r\n        <span class=\"counter\">\r\n            300<\/span><span class=\"plus\">+<\/span>\r\n    <\/h2>\r\n        <div class=\"capacity-divideer\"><\/div>\r\n    <h5 class=\"capacity-title\">Profesionales Capacitados<\/h5>\r\n    <\/div>\t\t\t\t<\/div>\n\t\t\t\t<\/div>\n\t\t\t\t\t<\/div>\n\t\t<\/div>\n\t\t\t\t<div class=\"elementor-column elementor-col-33 elementor-top-column elementor-element elementor-element-d8df527\" data-id=\"d8df527\" data-element_type=\"column\" data-e-type=\"column\">\n\t\t\t<div class=\"elementor-widget-wrap elementor-element-populated\">\n\t\t\t\t\t\t<div class=\"elementor-element elementor-element-003ce02 elementor-widget elementor-widget-tx_count_box elh-el tx_count_box\" data-id=\"003ce02\" data-element_type=\"widget\" data-e-type=\"widget\" data-settings=\"{&quot;design_style&quot;:&quot;style_1&quot;}\" data-widget_type=\"tx_count_box.default\">\n\t\t\t\t<div class=\"elementor-widget-container\">\n\t\t\t\t\t<div class=\"fti-capacity-3-item\">\r\n    <h2 class=\"number\">\r\n        <span class=\"counter\">\r\n            18<\/span><span class=\"plus\">+<\/span>\r\n    <\/h2>\r\n        <div class=\"capacity-divideer\"><\/div>\r\n    <h5 class=\"capacity-title\">A\u00f1os de Experiencia<\/h5>\r\n    <\/div>\t\t\t\t<\/div>\n\t\t\t\t<\/div>\n\t\t\t\t\t<\/div>\n\t\t<\/div>\n\t\t\t\t\t<\/div>\n\t\t<\/section>\n\t\t\t\t<section class=\"elementor-section elementor-top-section elementor-element elementor-element-9ec65c6 elementor-section-boxed elementor-section-height-default elementor-section-height-default\" data-id=\"9ec65c6\" data-element_type=\"section\" data-e-type=\"section\">\n\t\t\t\t\t\t<div class=\"elementor-container elementor-column-gap-no\">\n\t\t\t\t\t<div class=\"elementor-column elementor-col-100 elementor-top-column elementor-element elementor-element-506c002\" data-id=\"506c002\" data-element_type=\"column\" data-e-type=\"column\">\n\t\t\t<div class=\"elementor-widget-wrap elementor-element-populated\">\n\t\t\t\t\t\t<div class=\"elementor-element elementor-element-b43ba12 elementor-widget elementor-widget-tx_heading elh-el tx_heading\" data-id=\"b43ba12\" data-element_type=\"widget\" data-e-type=\"widget\" data-settings=\"{&quot;design_style&quot;:&quot;style_1&quot;}\" data-widget_type=\"tx_heading.default\">\n\t\t\t\t<div class=\"elementor-widget-container\">\n\t\t\t\t\t<div class=\"services-title-wrap tx-heading-section\">\r\n        <h5 class=\"fti-subtitle-4 tx-subTitle\">NOSOTROS<\/h5>\r\n    <h2 class=\"tx-title fti-section-title-4 fti-split-text fti-split-in-right-4 \">\u00bfPor qu\u00e9 elegirnos?<\/h2>    <\/div>\t\t\t\t<\/div>\n\t\t\t\t<\/div>\n\t\t\t\t\t<\/div>\n\t\t<\/div>\n\t\t\t\t\t<\/div>\n\t\t<\/section>\n\t\t\t\t<section class=\"elementor-section elementor-top-section elementor-element elementor-element-66ca723 elementor-section-boxed elementor-section-height-default elementor-section-height-default\" data-id=\"66ca723\" data-element_type=\"section\" data-e-type=\"section\">\n\t\t\t\t\t\t<div class=\"elementor-container elementor-column-gap-no\">\n\t\t\t\t\t<div class=\"elementor-column elementor-col-33 elementor-top-column elementor-element elementor-element-62eff39\" data-id=\"62eff39\" data-element_type=\"column\" data-e-type=\"column\">\n\t\t\t<div class=\"elementor-widget-wrap elementor-element-populated\">\n\t\t\t\t\t\t<div class=\"elementor-element elementor-element-e2396fc elementor-widget elementor-widget-tx_icon_box elh-el tx_icon_box\" data-id=\"e2396fc\" data-element_type=\"widget\" data-e-type=\"widget\" data-settings=\"{&quot;design_style&quot;:&quot;style_1&quot;}\" data-widget_type=\"tx_icon_box.default\">\n\t\t\t\t<div class=\"elementor-widget-container\">\n\t\t\t\t\t<div class=\"fti-feature-3-wrap wow bounceInUp\"\r\n    data-wow-delay=\"200ms\"\r\n    data-wow-duration=\"1000ms\">\r\n    <div class=\"feature-item\">\r\n                <div class=\"icon-wrap\">\r\n            <span class=\"icon\">\r\n                                    <img decoding=\"async\" src=\"https:\/\/cstrisk.com\/es\/wp-content\/uploads\/2025\/06\/cropped-LOGO_CST_2023_VF-180x180-1.png\" alt=\"cropped-LOGO_CST_2023_VF-180&#215;180\" \/>\r\n                            <\/span>\r\n        <\/div>\r\n        \r\n        \r\n                <p class=\"fti-para-3-small tx-description\">\r\n            Identificamos, analizamos y controlamos riesgos en proyectos, operaciones y entornos corporativos, usando metodolog\u00edas avaladas internacionalmente como HAZOP, BowTie, LOPA y What-If.        <\/p>\r\n            <\/div>\r\n<\/div>\t\t\t\t<\/div>\n\t\t\t\t<\/div>\n\t\t\t\t\t<\/div>\n\t\t<\/div>\n\t\t\t\t<div class=\"elementor-column elementor-col-33 elementor-top-column elementor-element elementor-element-cce7ae9\" data-id=\"cce7ae9\" data-element_type=\"column\" data-e-type=\"column\">\n\t\t\t<div class=\"elementor-widget-wrap elementor-element-populated\">\n\t\t\t\t\t\t<div class=\"elementor-element elementor-element-b8deff2 elementor-widget elementor-widget-tx_icon_box elh-el tx_icon_box\" data-id=\"b8deff2\" data-element_type=\"widget\" data-e-type=\"widget\" data-settings=\"{&quot;design_style&quot;:&quot;style_1&quot;}\" data-widget_type=\"tx_icon_box.default\">\n\t\t\t\t<div class=\"elementor-widget-container\">\n\t\t\t\t\t<div class=\"fti-feature-3-wrap wow bounceInUp\"\r\n    data-wow-delay=\"0.2s\"\r\n    data-wow-duration=\"1000ms\">\r\n    <div class=\"feature-item\">\r\n                <div class=\"icon-wrap\">\r\n            <span class=\"icon\">\r\n                                    <img decoding=\"async\" src=\"https:\/\/cstrisk.com\/es\/wp-content\/uploads\/2025\/06\/cropped-LOGO_CST_2023_VF-180x180-1.png\" alt=\"cropped-LOGO_CST_2023_VF-180&#215;180\" \/>\r\n                            <\/span>\r\n        <\/div>\r\n        \r\n        \r\n                <p class=\"fti-para-3-small tx-description\">\r\n            Desarrollamos soluciones tecnol\u00f3gicas propias (CST OPPE CRM) y somos partners oficiales de Wolters Kluwer para implementar BowTie Suite, la herramienta m\u00e1s robusta para visualizaci\u00f3n de riesgos.        <\/p>\r\n            <\/div>\r\n<\/div>\t\t\t\t<\/div>\n\t\t\t\t<\/div>\n\t\t\t\t\t<\/div>\n\t\t<\/div>\n\t\t\t\t<div class=\"elementor-column elementor-col-33 elementor-top-column elementor-element elementor-element-44d9ce6\" data-id=\"44d9ce6\" data-element_type=\"column\" data-e-type=\"column\">\n\t\t\t<div class=\"elementor-widget-wrap elementor-element-populated\">\n\t\t\t\t\t\t<div class=\"elementor-element elementor-element-3e3fad8 elementor-widget elementor-widget-tx_icon_box elh-el tx_icon_box\" data-id=\"3e3fad8\" data-element_type=\"widget\" data-e-type=\"widget\" data-settings=\"{&quot;design_style&quot;:&quot;style_1&quot;}\" data-widget_type=\"tx_icon_box.default\">\n\t\t\t\t<div class=\"elementor-widget-container\">\n\t\t\t\t\t<div class=\"fti-feature-3-wrap wow bounceInUp\"\r\n    data-wow-delay=\"0.4s\"\r\n    data-wow-duration=\"1000ms\">\r\n    <div class=\"feature-item\">\r\n                <div class=\"icon-wrap\">\r\n            <span class=\"icon\">\r\n                                    <img decoding=\"async\" src=\"https:\/\/cstrisk.com\/es\/wp-content\/uploads\/2025\/06\/cropped-LOGO_CST_2023_VF-180x180-1.png\" alt=\"cropped-LOGO_CST_2023_VF-180&#215;180\" \/>\r\n                            <\/span>\r\n        <\/div>\r\n        \r\n        \r\n                <p class=\"fti-para-3-small tx-description\">\r\n            Capacitamos equipos con programas flexibles (virtuales, in company y eventos especiales) que combinan teor\u00eda y pr\u00e1ctica.        <\/p>\r\n            <\/div>\r\n<\/div>\t\t\t\t<\/div>\n\t\t\t\t<\/div>\n\t\t\t\t\t<\/div>\n\t\t<\/div>\n\t\t\t\t\t<\/div>\n\t\t<\/section>\n\t\t<div class=\"elementor-element elementor-element-b5c4fe4 e-flex e-con-boxed e-con e-parent\" data-id=\"b5c4fe4\" data-element_type=\"container\" data-e-type=\"container\">\n\t\t\t\t\t<div class=\"e-con-inner\">\n\t\t\t\t<div class=\"elementor-element elementor-element-d48c823 elementor-widget elementor-widget-spacer\" data-id=\"d48c823\" data-element_type=\"widget\" data-e-type=\"widget\" data-widget_type=\"spacer.default\">\n\t\t\t\t<div class=\"elementor-widget-container\">\n\t\t\t\t\t\t\t<div class=\"elementor-spacer\">\n\t\t\t<div class=\"elementor-spacer-inner\"><\/div>\n\t\t<\/div>\n\t\t\t\t\t\t<\/div>\n\t\t\t\t<\/div>\n\t\t\t\t\t<\/div>\n\t\t\t\t<\/div>\n\t\t\t\t<\/div>\n\t\t","protected":false},"excerpt":{"rendered":"<p>GESTI\u00d3N DE RIESGOS CST: Expertos en Gesti\u00f3n Integral de Riesgos En CST transformamos la gesti\u00f3n de riesgos en una ventaja estrat\u00e9gica para tu organizaci\u00f3n. Con m\u00e1s de 400 proyectos ejecutados y 300 profesionales capacitados, somos l\u00edderes en consultor\u00eda especializada para industrias que manejan procesos cr\u00edticos. Nuestra Esencia: \ud83d\udd39 Identificamos, analizamos y controlamos riesgos en proyectos, [&hellip;]<\/p>\n","protected":false},"author":1,"featured_media":0,"parent":0,"menu_order":0,"comment_status":"closed","ping_status":"closed","template":"elementor_header_footer","meta":{"inline_featured_image":false,"footnotes":""},"class_list":["post-24","page","type-page","status-publish","hentry"],"_links":{"self":[{"href":"https:\/\/cstrisk.com\/es\/wp-json\/wp\/v2\/pages\/24","targetHints":{"allow":["GET"]}}],"collection":[{"href":"https:\/\/cstrisk.com\/es\/wp-json\/wp\/v2\/pages"}],"about":[{"href":"https:\/\/cstrisk.com\/es\/wp-json\/wp\/v2\/types\/page"}],"author":[{"embeddable":true,"href":"https:\/\/cstrisk.com\/es\/wp-json\/wp\/v2\/users\/1"}],"replies":[{"embeddable":true,"href":"https:\/\/cstrisk.com\/es\/wp-json\/wp\/v2\/comments?post=24"}],"version-history":[{"count":28,"href":"https:\/\/cstrisk.com\/es\/wp-json\/wp\/v2\/pages\/24\/revisions"}],"predecessor-version":[{"id":5773,"href":"https:\/\/cstrisk.com\/es\/wp-json\/wp\/v2\/pages\/24\/revisions\/5773"}],"wp:attachment":[{"href":"https:\/\/cstrisk.com\/es\/wp-json\/wp\/v2\/media?parent=24"}],"curies":[{"name":"wp","href":"https:\/\/api.w.org\/{rel}","templated":true}]}}