{"id":68,"date":"2024-08-04T07:44:00","date_gmt":"2024-08-04T07:44:00","guid":{"rendered":"https:\/\/themexriver.com\/wp\/indsro\/?page_id=68"},"modified":"2025-07-01T09:22:48","modified_gmt":"2025-07-01T14:22:48","slug":"contacto","status":"publish","type":"page","link":"https:\/\/cstrisk.com\/en\/contacto\/","title":{"rendered":"Contact Us"},"content":{"rendered":"\t\t<div data-elementor-type=\"wp-page\" data-elementor-id=\"68\" class=\"elementor elementor-68\">\n\t\t\t\t\t\t<section class=\"elementor-section elementor-top-section elementor-element elementor-element-873920a elementor-section-boxed elementor-section-height-default elementor-section-height-default\" data-id=\"873920a\" data-element_type=\"section\">\n\t\t\t\t\t\t<div class=\"elementor-container elementor-column-gap-no\">\n\t\t\t\t\t<div class=\"elementor-column elementor-col-100 elementor-top-column elementor-element elementor-element-92974b3\" data-id=\"92974b3\" data-element_type=\"column\">\n\t\t\t<div class=\"elementor-widget-wrap elementor-element-populated\">\n\t\t\t\t\t\t<div class=\"elementor-element elementor-element-7a4f80d elementor-widget elementor-widget-tx_heading elh-el tx_heading\" data-id=\"7a4f80d\" data-element_type=\"widget\" data-settings=\"{&quot;design_style&quot;:&quot;style_1&quot;}\" data-widget_type=\"tx_heading.default\">\n\t\t\t\t<div class=\"elementor-widget-container\">\n\t\t\t\t\t<div class=\"services-title-wrap tx-heading-section\">\r\n        <h5 class=\"fti-subtitle-4 tx-subTitle\">CONTACT ZONE<\/h5>\r\n    <h2 class=\"tx-title fti-section-title-4 fti-split-text fti-split-in-right-4 \">Ready to Transform Your Risk Management? Talk to Our Experts<\/h2>    <\/div>\t\t\t\t<\/div>\n\t\t\t\t<\/div>\n\t\t\t\t\t<\/div>\n\t\t<\/div>\n\t\t\t\t\t<\/div>\n\t\t<\/section>\n\t\t\t\t<section class=\"elementor-section elementor-top-section elementor-element elementor-element-5a41456 elementor-section-boxed elementor-section-height-default elementor-section-height-default\" data-id=\"5a41456\" data-element_type=\"section\">\n\t\t\t\t\t\t<div class=\"elementor-container elementor-column-gap-default\">\n\t\t\t\t\t<div class=\"elementor-column elementor-col-50 elementor-top-column elementor-element elementor-element-64b24c8\" data-id=\"64b24c8\" data-element_type=\"column\">\n\t\t\t<div class=\"elementor-widget-wrap elementor-element-populated\">\n\t\t\t\t\t\t<div class=\"elementor-element elementor-element-a0c3784 elementor-widget elementor-widget-image\" data-id=\"a0c3784\" data-element_type=\"widget\" data-widget_type=\"image.default\">\n\t\t\t\t<div class=\"elementor-widget-container\">\n\t\t\t\t\t\t\t\t\t\t\t\t\t\t\t<img decoding=\"async\" src=\"http:\/\/localhost:10076\/wp-content\/uploads\/2024\/09\/contact-us.webp\" title=\"\" alt=\"\" loading=\"lazy\" \/>\t\t\t\t\t\t\t\t\t\t\t\t\t\t\t<\/div>\n\t\t\t\t<\/div>\n\t\t\t\t<div class=\"elementor-element elementor-element-c8601a3 elementor-widget elementor-widget-tx_contact_info elh-el tx_contact_info\" data-id=\"c8601a3\" data-element_type=\"widget\" data-settings=\"{&quot;design_style&quot;:&quot;style_4&quot;}\" data-widget_type=\"tx_contact_info.default\">\n\t\t\t\t<div class=\"elementor-widget-container\">\n\t\t\t\t\t<div class=\"fti-contact-us-wrap\">\r\n    <div class=\"action-wrap\">\r\n        <div class=\"action bg-default\" data-background=\"http:\/\/localhost:10076\/wp-content\/uploads\/2024\/09\/contact-us-bg.webp\">\r\n                        <div class=\"item\">\r\n                                <span class=\"icon\">\r\n                                            <i aria-hidden=\"true\" class=\"fas fa-map-marker-alt\"><\/i>                                    <\/span>\r\n                \r\n                <div>\r\n                                        <h6 class=\"fti-heading-3 action-title\">Address:<\/h6>\r\n                    \r\n                                        <span class=\"action-text\">16373 Malib\u00fa Dr. Weston, Fl. 33326 USA<\/span>\r\n                                    <\/div>\r\n            <\/div>\r\n                        <div class=\"item\">\r\n                                <span class=\"icon\">\r\n                                            <i aria-hidden=\"true\" class=\"flaticon flaticon-telephone\"><\/i>                                    <\/span>\r\n                \r\n                <div>\r\n                                        <h6 class=\"fti-heading-3 action-title\">Phone<\/h6>\r\n                    \r\n                                        <span class=\"action-text\">(+1) 9548182742<\/span>\r\n                                    <\/div>\r\n            <\/div>\r\n                        <div class=\"item\">\r\n                                <span class=\"icon\">\r\n                                            <i aria-hidden=\"true\" class=\"far fa-envelope\"><\/i>                                    <\/span>\r\n                \r\n                <div>\r\n                                        <h6 class=\"fti-heading-3 action-title\">Email:<\/h6>\r\n                    \r\n                                        <span class=\"action-text\">comercial@cstrisk.com<\/span>\r\n                                    <\/div>\r\n            <\/div>\r\n                    <\/div>\r\n    <\/div>\r\n<\/div>\t\t\t\t<\/div>\n\t\t\t\t<\/div>\n\t\t\t\t\t<\/div>\n\t\t<\/div>\n\t\t\t\t<div class=\"elementor-column elementor-col-50 elementor-top-column elementor-element elementor-element-d9b1b9c\" data-id=\"d9b1b9c\" data-element_type=\"column\">\n\t\t\t<div class=\"elementor-widget-wrap elementor-element-populated\">\n\t\t\t\t\t\t<section class=\"elementor-section elementor-inner-section elementor-element elementor-element-ad22c0d elementor-section-boxed elementor-section-height-default elementor-section-height-default\" data-id=\"ad22c0d\" data-element_type=\"section\" data-settings=\"{&quot;background_background&quot;:&quot;classic&quot;}\">\n\t\t\t\t\t\t<div class=\"elementor-container elementor-column-gap-default\">\n\t\t\t\t\t<div class=\"elementor-column elementor-col-100 elementor-inner-column elementor-element elementor-element-e6d3df2\" data-id=\"e6d3df2\" data-element_type=\"column\">\n\t\t\t<div class=\"elementor-widget-wrap elementor-element-populated\">\n\t\t\t\t\t\t<div class=\"elementor-element elementor-element-b6b2df4 elementor-widget elementor-widget-heading\" data-id=\"b6b2df4\" data-element_type=\"widget\" data-widget_type=\"heading.default\">\n\t\t\t\t<div class=\"elementor-widget-container\">\n\t\t\t\t\t<h2 class=\"elementor-heading-title elementor-size-default\">Contact Us<\/h2>\t\t\t\t<\/div>\n\t\t\t\t<\/div>\n\t\t\t\t<div class=\"elementor-element elementor-element-8ff8652 elementor-widget elementor-widget-wpforms\" data-id=\"8ff8652\" data-element_type=\"widget\" data-widget_type=\"wpforms.default\">\n\t\t\t\t<div class=\"elementor-widget-container\">\n\t\t\t\t\t<div class=\"wpforms-container wpforms-container-full wpforms-render-modern\" id=\"wpforms-5146\"><form id=\"wpforms-form-5146\" class=\"wpforms-validate wpforms-form wpforms-ajax-form\" data-formid=\"5146\" method=\"post\" enctype=\"multipart\/form-data\" action=\"\/en\/wp-json\/wp\/v2\/pages\/68\" data-token=\"04e4b98bd62eef57938406540410fcb4\" data-token-time=\"1775709918\"><noscript class=\"wpforms-error-noscript\">Por favor, activa JavaScript en tu navegador para completar este formulario.<\/noscript><div id=\"wpforms-error-noscript\" style=\"display: none;\">Por favor, activa JavaScript en tu navegador para completar este formulario.<\/div><div class=\"wpforms-field-container\">\t\t<div id=\"wpforms-5146-field_3-container\"\n\t\t\tclass=\"wpforms-field wpforms-field-text\"\n\t\t\tdata-field-type=\"text\"\n\t\t\tdata-field-id=\"3\"\n\t\t\t>\n\t\t\t<label class=\"wpforms-field-label\" for=\"wpforms-5146-field_3\" >of Company topic<\/label>\n\t\t\t<input type=\"text\" id=\"wpforms-5146-field_3\" class=\"wpforms-field-medium\" name=\"wpforms[fields][3]\" >\n\t\t<\/div>\n\t\t<div id=\"wpforms-5146-field_1-container\" class=\"wpforms-field wpforms-field-name\" data-field-id=\"1\"><label class=\"wpforms-field-label wpforms-label-hide\" for=\"wpforms-5146-field_1\" aria-hidden=\"false\">Name <span class=\"wpforms-required-label\" aria-hidden=\"true\">*<\/span><\/label><input type=\"text\" id=\"wpforms-5146-field_1\" class=\"wpforms-field-large wpforms-field-required\" name=\"wpforms[fields][1]\" placeholder=\"Name\" aria-errormessage=\"wpforms-5146-field_1-error\" required><\/div><div id=\"wpforms-5146-field_2-container\" class=\"wpforms-field wpforms-field-email\" data-field-id=\"2\"><label class=\"wpforms-field-label wpforms-label-hide\" for=\"wpforms-5146-field_2\" aria-hidden=\"false\">Email <span class=\"wpforms-required-label\" aria-hidden=\"true\">*<\/span><\/label><input type=\"email\" id=\"wpforms-5146-field_2\" class=\"wpforms-field-large wpforms-field-required\" name=\"wpforms[fields][2]\" placeholder=\"Email\" spellcheck=\"false\" aria-errormessage=\"wpforms-5146-field_2-error\" required><\/div><div id=\"wpforms-5146-field_5-container\" class=\"wpforms-field wpforms-field-text\" data-field-id=\"5\"><label class=\"wpforms-field-label wpforms-label-hide\" for=\"wpforms-5146-field_5\" aria-hidden=\"false\">Phone<\/label><input type=\"text\" id=\"wpforms-5146-field_5\" class=\"wpforms-field-large\" name=\"wpforms[fields][5]\" placeholder=\"Phone\" aria-errormessage=\"wpforms-5146-field_5-error\" ><\/div><div id=\"wpforms-5146-field_6-container\" class=\"wpforms-field wpforms-field-text\" data-field-id=\"6\"><label class=\"wpforms-field-label wpforms-label-hide\" for=\"wpforms-5146-field_6\" aria-hidden=\"false\">Company<\/label><input type=\"text\" id=\"wpforms-5146-field_6\" class=\"wpforms-field-large\" name=\"wpforms[fields][6]\" placeholder=\"Company\" aria-errormessage=\"wpforms-5146-field_6-error\" ><\/div><div id=\"wpforms-5146-field_8-container\" class=\"wpforms-field wpforms-field-textarea\" data-field-id=\"8\"><label class=\"wpforms-field-label wpforms-label-hide\" for=\"wpforms-5146-field_8\" aria-hidden=\"false\">Tell us the topic of interest or consultation<\/label><textarea id=\"wpforms-5146-field_8\" class=\"wpforms-field-medium\" name=\"wpforms[fields][8]\" placeholder=\"Tell us the topic of interest or consultation\" aria-errormessage=\"wpforms-5146-field_8-error\" ><\/textarea><\/div><script>\n\t\t\t\t( function() {\n\t\t\t\t\tconst style = document.createElement( 'style' );\n\t\t\t\t\tstyle.appendChild( document.createTextNode( '#wpforms-5146-field_3-container { position: absolute !important; overflow: hidden !important; display: inline !important; height: 1px !important; width: 1px !important; z-index: -1000 !important; padding: 0 !important; } #wpforms-5146-field_3-container input { visibility: hidden; } #wpforms-conversational-form-page #wpforms-5146-field_3-container label { counter-increment: none; }' ) );\n\t\t\t\t\tdocument.head.appendChild( style );\n\t\t\t\t\tdocument.currentScript?.remove();\n\t\t\t\t} )();\n\t\t\t<\/script><\/div><!-- .wpforms-field-container --><div class=\"wpforms-recaptcha-container wpforms-is-recaptcha wpforms-is-recaptcha-type-v2\" ><div class=\"g-recaptcha\" data-sitekey=\"6LdxQm0rAAAAALtkOAYIgZlKm6g7rICI8W1b5wiH\"><\/div><input type=\"text\" name=\"g-recaptcha-hidden\" class=\"wpforms-recaptcha-hidden\" style=\"position:absolute!important;clip:rect(0,0,0,0)!important;height:1px!important;width:1px!important;border:0!important;overflow:hidden!important;padding:0!important;margin:0!important;\" data-rule-recaptcha=\"1\"><\/div><div class=\"wpforms-submit-container\" ><input type=\"hidden\" name=\"wpforms[id]\" value=\"5146\"><input type=\"hidden\" name=\"page_title\" value=\"\"><input type=\"hidden\" name=\"page_url\" value=\"https:\/\/cstrisk.com\/en\/wp-json\/wp\/v2\/pages\/68\"><input type=\"hidden\" name=\"url_referer\" value=\"\"><button type=\"submit\" name=\"wpforms[submit]\" id=\"wpforms-submit-5146\" class=\"wpforms-submit\" data-alt-text=\"Sending...\" data-submit-text=\"Request Information\" aria-live=\"assertive\" value=\"wpforms-submit\">Request Information<\/button><img decoding=\"async\" src=\"https:\/\/cstrisk.com\/en\/wp-content\/plugins\/wpforms-lite\/assets\/images\/submit-spin.svg\" class=\"wpforms-submit-spinner\" style=\"display: none;\" width=\"26\" height=\"26\" alt=\"Cargando\"><\/div><\/form><\/div>  <!-- .wpforms-container -->\t\t\t\t<\/div>\n\t\t\t\t<\/div>\n\t\t\t\t\t<\/div>\n\t\t<\/div>\n\t\t\t\t\t<\/div>\n\t\t<\/section>\n\t\t\t\t\t<\/div>\n\t\t<\/div>\n\t\t\t\t\t<\/div>\n\t\t<\/section>\n\t\t\t\t<section class=\"elementor-section elementor-top-section elementor-element elementor-element-2f208ff elementor-section-full_width elementor-section-height-default elementor-section-height-default\" data-id=\"2f208ff\" data-element_type=\"section\">\n\t\t\t\t\t\t<div class=\"elementor-container elementor-column-gap-default\">\n\t\t\t\t\t<div class=\"elementor-column elementor-col-100 elementor-top-column elementor-element elementor-element-546f2e8\" data-id=\"546f2e8\" data-element_type=\"column\">\n\t\t\t<div class=\"elementor-widget-wrap elementor-element-populated\">\n\t\t\t\t\t\t<div class=\"elementor-element elementor-element-9b40b33 elementor-widget elementor-widget-google_maps\" data-id=\"9b40b33\" data-element_type=\"widget\" data-widget_type=\"google_maps.default\">\n\t\t\t\t<div class=\"elementor-widget-container\">\n\t\t\t\t\t\t\t<div class=\"elementor-custom-embed\">\n\t\t\t<iframe loading=\"lazy\"\n\t\t\t\t\tsrc=\"https:\/\/maps.google.com\/maps?q=16373%20Malib%C3%BA%20Dr.%20Weston%2C%20Fl.%2033326%20USA&#038;t=m&#038;z=15&#038;output=embed&#038;iwloc=near\"\n\t\t\t\t\ttitle=\"16373 Malib\u00fa Dr. Weston, Fl. 33326 USA\"\n\t\t\t\t\taria-label=\"16373 Malib\u00fa Dr. Weston, Fl. 33326 USA\"\n\t\t\t><\/iframe>\n\t\t<\/div>\n\t\t\t\t\t\t<\/div>\n\t\t\t\t<\/div>\n\t\t\t\t\t<\/div>\n\t\t<\/div>\n\t\t\t\t\t<\/div>\n\t\t<\/section>\n\t\t\t\t<\/div>\n\t\t","protected":false},"excerpt":{"rendered":"<p>CONTACT ZONE Ready to Transform Your Risk Management? Talk to Our Experts Address: 16373 Malib\u00fa Dr. Weston, Fl. 33326 USA Phone (+1) 9548182742 Email: comercial@cstrisk.com Contact Us Por favor, activa JavaScript en tu navegador para completar este formulario.Por favor, activa JavaScript en tu navegador para completar este formulario.Nombre *Correo electr\u00f3nico *Tel\u00e9fonoEmpresaInd\u00edquenos el tema de inter\u00e9s [&hellip;]<\/p>\n","protected":false},"author":1,"featured_media":0,"parent":0,"menu_order":0,"comment_status":"closed","ping_status":"closed","template":"elementor_header_footer","meta":{"inline_featured_image":false,"footnotes":""},"class_list":["post-68","page","type-page","status-publish","hentry"],"_links":{"self":[{"href":"https:\/\/cstrisk.com\/en\/wp-json\/wp\/v2\/pages\/68","targetHints":{"allow":["GET"]}}],"collection":[{"href":"https:\/\/cstrisk.com\/en\/wp-json\/wp\/v2\/pages"}],"about":[{"href":"https:\/\/cstrisk.com\/en\/wp-json\/wp\/v2\/types\/page"}],"author":[{"embeddable":true,"href":"https:\/\/cstrisk.com\/en\/wp-json\/wp\/v2\/users\/1"}],"replies":[{"embeddable":true,"href":"https:\/\/cstrisk.com\/en\/wp-json\/wp\/v2\/comments?post=68"}],"version-history":[{"count":23,"href":"https:\/\/cstrisk.com\/en\/wp-json\/wp\/v2\/pages\/68\/revisions"}],"predecessor-version":[{"id":5572,"href":"https:\/\/cstrisk.com\/en\/wp-json\/wp\/v2\/pages\/68\/revisions\/5572"}],"wp:attachment":[{"href":"https:\/\/cstrisk.com\/en\/wp-json\/wp\/v2\/media?parent=68"}],"curies":[{"name":"wp","href":"https:\/\/api.w.org\/{rel}","templated":true}]}}